{"id":13616,"date":"2025-01-20T18:21:43","date_gmt":"2025-01-20T18:21:43","guid":{"rendered":"https:\/\/www.sinpeks.com\/rs\/p\/motokultivator-migliori-garden-1000-dizel\/"},"modified":"2026-02-27T13:30:13","modified_gmt":"2026-02-27T13:30:13","slug":"motokultivator-migliori-garden-1000-dizel","status":"publish","type":"product","link":"https:\/\/www.sinpeks.com\/rs\/p\/motokultivator-migliori-garden-1000-dizel\/","title":{"rendered":"Motokultivator Migliori Garden 1000 \u2013 dizel"},"content":{"rendered":"<p>Poljoprivredna ma\u0161ina namenjena za pripremu i drobljenje zemlji\u0161ta u dvori\u0161tu, ba\u0161ti, plastici&#8230; Sna\u017ean motor, ergonomski dizajn, visok kvalitet. To\u010dkovi sa specijalnim gumama za dereze obezbe\u0111uju lako i ravnomerno kretanje \u010dak i na najlo\u0161ijim terenima, a seka\u010di od najkvalitetnijeg \u010delika efikasno drobe i najja\u010de tlo. Ima menja\u010d sa nekoliko stepeni kretanja (napred + nazad), ekonomi\u010dan dizel motor i ergonomski dizajniran volan koji se mo\u017ee podesiti prema zahtevima rukovaoca.<br \/>\nOd opreme uklju\u010duje frezu.<\/p>\n","protected":false},"excerpt":{"rendered":"<p>Poljoprivredna ma\u0161ina namenjena za pripremu i drobljenje zemlji\u0161ta u dvori\u0161tu, ba\u0161ti, plastici&#8230; Sna\u017ean motor, ergonomski dizajn, visok kvalitet. To\u010dkovi sa specijalnim gumama za dereze obezbe\u0111uju lako i ravnomerno kretanje \u010dak i na najlo\u0161ijim terenima, a seka\u010di od najkvalitetnijeg \u010delika efikasno drobe i najja\u010de tlo. Ima menja\u010d sa nekoliko stepeni kretanja (napred + nazad), ekonomi\u010dan dizel [&hellip;]<\/p>\n","protected":false},"featured_media":18614,"comment_status":"open","ping_status":"closed","template":"","meta":{"_acf_changed":false},"product_cat":[177],"product_tag":[],"class_list":{"0":"post-13616","1":"product","2":"type-product","3":"status-publish","4":"has-post-thumbnail","6":"product_cat-motokultivatori","7":"product_shipping_class-alati-masine-srbija","8":"pa_b-migliori","9":"pa_market-ba","10":"pa_market-mk","11":"pa_market-rs","12":"pa_snaga-motora-6-hp-4-4-kw","14":"first","15":"instock","16":"sale","17":"taxable","18":"shipping-taxable","19":"purchasable","20":"product-type-simple"},"acf":[],"seolaxy_ctr_woo_product_custom_meta_description_content":"","_links":{"self":[{"href":"https:\/\/www.sinpeks.com\/rs\/wp-json\/wp\/v2\/product\/13616","targetHints":{"allow":["GET"]}}],"collection":[{"href":"https:\/\/www.sinpeks.com\/rs\/wp-json\/wp\/v2\/product"}],"about":[{"href":"https:\/\/www.sinpeks.com\/rs\/wp-json\/wp\/v2\/types\/product"}],"replies":[{"embeddable":true,"href":"https:\/\/www.sinpeks.com\/rs\/wp-json\/wp\/v2\/comments?post=13616"}],"wp:featuredmedia":[{"embeddable":true,"href":"https:\/\/www.sinpeks.com\/rs\/wp-json\/wp\/v2\/media\/18614"}],"wp:attachment":[{"href":"https:\/\/www.sinpeks.com\/rs\/wp-json\/wp\/v2\/media?parent=13616"}],"wp:term":[{"taxonomy":"product_cat","embeddable":true,"href":"https:\/\/www.sinpeks.com\/rs\/wp-json\/wp\/v2\/product_cat?post=13616"},{"taxonomy":"product_tag","embeddable":true,"href":"https:\/\/www.sinpeks.com\/rs\/wp-json\/wp\/v2\/product_tag?post=13616"}],"curies":[{"name":"wp","href":"https:\/\/api.w.org\/{rel}","templated":true}]}}