{"id":13608,"date":"2025-01-20T18:21:42","date_gmt":"2025-01-20T18:21:42","guid":{"rendered":"https:\/\/www.sinpeks.com\/rs\/p\/cramer-rm-2000-robotska-kosilica\/"},"modified":"2026-05-04T19:57:30","modified_gmt":"2026-05-04T19:57:30","slug":"cramer-rm-2000-robotska-kosilica","status":"publish","type":"product","link":"https:\/\/www.sinpeks.com\/rs\/p\/cramer-rm-2000-robotska-kosilica\/","title":{"rendered":"Robotska kosilica Cramer RM 2000"},"content":{"rendered":"<p>RM2000 je potpuno automatizovana robotska kosilica dizajnirana za ba\u0161te srednje veli\u010dine do 2000 m\u00b2. Uz punu 2G\/4G konekciju preko aplikacije Cramer Connect, mo\u017eete lako da upravljate rasporedom se\u010denja i nadgledate status robota. Dizajnirana, imaju\u0107i u vidu  sigurnost, RM2000 ima integrisani senzor podizanja za automatsko zaustavljanje no\u017eeva i senzor sudara za otkrivanje prepreka. *Robot dolazi bez instalacionog kompleta. *Sinpeks \u0161ifra kompleta za instalaciju : 022326 (L) 027051 (S)<\/p>\n","protected":false},"excerpt":{"rendered":"<p>RM2000 je potpuno automatizovana robotska kosilica dizajnirana za ba\u0161te srednje veli\u010dine do 2000 m\u00b2. Uz punu 2G\/4G konekciju preko aplikacije Cramer Connect, mo\u017eete lako da upravljate rasporedom se\u010denja i nadgledate status robota. Dizajnirana, imaju\u0107i u vidu sigurnost, RM2000 ima integrisani senzor podizanja za automatsko zaustavljanje no\u017eeva i senzor sudara za otkrivanje prepreka. *Robot dolazi bez [&hellip;]<\/p>\n","protected":false},"featured_media":16206,"comment_status":"open","ping_status":"closed","template":"","meta":{"_acf_changed":false},"product_cat":[172],"product_tag":[],"class_list":{"0":"post-13608","1":"product","2":"type-product","3":"status-publish","4":"has-post-thumbnail","6":"product_cat-robotske","7":"product_shipping_class-alati-masine-makedonija","8":"pa_b-cramer","9":"pa_market-ba","10":"pa_market-mk","11":"pa_market-rs","12":"pa_povrsina-kosenja-2000-m2","14":"first","15":"outofstock","16":"sale","17":"taxable","18":"shipping-taxable","19":"purchasable","20":"product-type-simple"},"acf":[],"seolaxy_ctr_woo_product_custom_meta_description_content":"","_links":{"self":[{"href":"https:\/\/www.sinpeks.com\/rs\/wp-json\/wp\/v2\/product\/13608","targetHints":{"allow":["GET"]}}],"collection":[{"href":"https:\/\/www.sinpeks.com\/rs\/wp-json\/wp\/v2\/product"}],"about":[{"href":"https:\/\/www.sinpeks.com\/rs\/wp-json\/wp\/v2\/types\/product"}],"replies":[{"embeddable":true,"href":"https:\/\/www.sinpeks.com\/rs\/wp-json\/wp\/v2\/comments?post=13608"}],"wp:featuredmedia":[{"embeddable":true,"href":"https:\/\/www.sinpeks.com\/rs\/wp-json\/wp\/v2\/media\/16206"}],"wp:attachment":[{"href":"https:\/\/www.sinpeks.com\/rs\/wp-json\/wp\/v2\/media?parent=13608"}],"wp:term":[{"taxonomy":"product_cat","embeddable":true,"href":"https:\/\/www.sinpeks.com\/rs\/wp-json\/wp\/v2\/product_cat?post=13608"},{"taxonomy":"product_tag","embeddable":true,"href":"https:\/\/www.sinpeks.com\/rs\/wp-json\/wp\/v2\/product_tag?post=13608"}],"curies":[{"name":"wp","href":"https:\/\/api.w.org\/{rel}","templated":true}]}}