{"id":13606,"date":"2025-01-20T18:21:41","date_gmt":"2025-01-20T18:21:41","guid":{"rendered":"https:\/\/www.sinpeks.com\/rs\/p\/optimow-10-greenworks-robotska-kosilica\/"},"modified":"2025-11-03T14:19:01","modified_gmt":"2025-11-03T14:19:01","slug":"optimow-10-greenworks-robotska-kosilica","status":"publish","type":"product","link":"https:\/\/www.sinpeks.com\/rs\/p\/optimow-10-greenworks-robotska-kosilica\/","title":{"rendered":"Robotska kosilica Optimow 10 Greenworks"},"content":{"rendered":"<p>Robotska kosilica Optimow 10 je namenjena za povr\u0161ine do 1000 m2. Opremljen Bluetooth tehnologijom za kontrolu preko pametnog telefona ili tableta. Ima za\u0161titu od vode i mraza, kao i senzor koji kontroli\u0161e da li se trava mo\u017ee kositi. Ima IPX-5 nivo za\u0161tite.<\/p>\n","protected":false},"excerpt":{"rendered":"<p>Robotska kosilica Optimow 10 je namenjena za povr\u0161ine do 1000 m2. Opremljen Bluetooth tehnologijom za kontrolu preko pametnog telefona ili tableta. Ima za\u0161titu od vode i mraza, kao i senzor koji kontroli\u0161e da li se trava mo\u017ee kositi. Ima IPX-5 nivo za\u0161tite.<\/p>\n","protected":false},"featured_media":16216,"comment_status":"open","ping_status":"closed","template":"","meta":{"_acf_changed":false},"product_cat":[172],"product_tag":[],"class_list":{"0":"post-13606","1":"product","2":"type-product","3":"status-publish","4":"has-post-thumbnail","6":"product_cat-robotske","7":"product_shipping_class-817","8":"pa_b-greenworks","9":"pa_market-ba","10":"pa_market-mk","11":"pa_market-rs","12":"pa_povrsina-kosenja-1000-m2","14":"first","15":"outofstock","16":"sale","17":"taxable","18":"shipping-taxable","19":"purchasable","20":"product-type-simple"},"acf":[],"seolaxy_ctr_woo_product_custom_meta_description_content":"","_links":{"self":[{"href":"https:\/\/www.sinpeks.com\/rs\/wp-json\/wp\/v2\/product\/13606","targetHints":{"allow":["GET"]}}],"collection":[{"href":"https:\/\/www.sinpeks.com\/rs\/wp-json\/wp\/v2\/product"}],"about":[{"href":"https:\/\/www.sinpeks.com\/rs\/wp-json\/wp\/v2\/types\/product"}],"replies":[{"embeddable":true,"href":"https:\/\/www.sinpeks.com\/rs\/wp-json\/wp\/v2\/comments?post=13606"}],"wp:featuredmedia":[{"embeddable":true,"href":"https:\/\/www.sinpeks.com\/rs\/wp-json\/wp\/v2\/media\/16216"}],"wp:attachment":[{"href":"https:\/\/www.sinpeks.com\/rs\/wp-json\/wp\/v2\/media?parent=13606"}],"wp:term":[{"taxonomy":"product_cat","embeddable":true,"href":"https:\/\/www.sinpeks.com\/rs\/wp-json\/wp\/v2\/product_cat?post=13606"},{"taxonomy":"product_tag","embeddable":true,"href":"https:\/\/www.sinpeks.com\/rs\/wp-json\/wp\/v2\/product_tag?post=13606"}],"curies":[{"name":"wp","href":"https:\/\/api.w.org\/{rel}","templated":true}]}}