{"id":13603,"date":"2025-01-20T18:21:41","date_gmt":"2025-01-20T18:21:41","guid":{"rendered":"https:\/\/www.sinpeks.com\/rs\/p\/elektricna-kosilica-povermak-1400-34\/"},"modified":"2026-05-04T19:57:30","modified_gmt":"2026-05-04T19:57:30","slug":"elektricna-kosilica-povermak-1400-34","status":"publish","type":"product","link":"https:\/\/www.sinpeks.com\/rs\/p\/elektricna-kosilica-povermak-1400-34\/","title":{"rendered":"Elektri\u010dna kosilica PowerMax 1400\/34"},"content":{"rendered":"<p>Elektri\u010dna kosilica Gardena namenjena za ko\u0161enje i odr\u017eavanje vec\u0301ih stabala i ba\u0161ta. Napravljen je od jake plastike otporne na udarce. ErgoTec kontrolna ru\u010dka je napravljena ergonomski kako bi se lako upravljalo. Funkcija QuickFit vam omoguc\u0301ava da lako podesite \u017eeljenu visinu ko\u0161enja. Centralno postavljena ru\u010dka \u010dini ovu kosilicu lakim za preme\u0161tanje sa jednog mesta na drugo.<\/p>\n","protected":false},"excerpt":{"rendered":"<p>Elektri\u010dna kosilica Gardena namenjena za ko\u0161enje i odr\u017eavanje vec\u0301ih stabala i ba\u0161ta. Napravljen je od jake plastike otporne na udarce. ErgoTec kontrolna ru\u010dka je napravljena ergonomski kako bi se lako upravljalo. Funkcija QuickFit vam omoguc\u0301ava da lako podesite \u017eeljenu visinu ko\u0161enja. Centralno postavljena ru\u010dka \u010dini ovu kosilicu lakim za preme\u0161tanje sa jednog mesta na drugo.<\/p>\n","protected":false},"featured_media":18779,"comment_status":"open","ping_status":"closed","template":"","meta":{"_acf_changed":false},"product_cat":[173],"product_tag":[],"class_list":{"0":"post-13603","1":"product","2":"type-product","3":"status-publish","4":"has-post-thumbnail","6":"product_cat-elektricne","7":"product_shipping_class-alati-masine-makedonija","8":"pa_market-ba","9":"pa_market-mk","10":"pa_market-rs","12":"first","13":"outofstock","14":"sale","15":"taxable","16":"shipping-taxable","17":"purchasable","18":"product-type-simple"},"acf":[],"seolaxy_ctr_woo_product_custom_meta_description_content":"","_links":{"self":[{"href":"https:\/\/www.sinpeks.com\/rs\/wp-json\/wp\/v2\/product\/13603","targetHints":{"allow":["GET"]}}],"collection":[{"href":"https:\/\/www.sinpeks.com\/rs\/wp-json\/wp\/v2\/product"}],"about":[{"href":"https:\/\/www.sinpeks.com\/rs\/wp-json\/wp\/v2\/types\/product"}],"replies":[{"embeddable":true,"href":"https:\/\/www.sinpeks.com\/rs\/wp-json\/wp\/v2\/comments?post=13603"}],"wp:featuredmedia":[{"embeddable":true,"href":"https:\/\/www.sinpeks.com\/rs\/wp-json\/wp\/v2\/media\/18779"}],"wp:attachment":[{"href":"https:\/\/www.sinpeks.com\/rs\/wp-json\/wp\/v2\/media?parent=13603"}],"wp:term":[{"taxonomy":"product_cat","embeddable":true,"href":"https:\/\/www.sinpeks.com\/rs\/wp-json\/wp\/v2\/product_cat?post=13603"},{"taxonomy":"product_tag","embeddable":true,"href":"https:\/\/www.sinpeks.com\/rs\/wp-json\/wp\/v2\/product_tag?post=13603"}],"curies":[{"name":"wp","href":"https:\/\/api.w.org\/{rel}","templated":true}]}}