{"id":13600,"date":"2025-01-20T18:21:40","date_gmt":"2025-01-20T18:21:40","guid":{"rendered":"https:\/\/www.sinpeks.com\/rs\/p\/elektricna-kosilica-agrina-3212i-1200w\/"},"modified":"2026-05-04T19:57:30","modified_gmt":"2026-05-04T19:57:30","slug":"elektricna-kosilica-agrina-3212i-1200w","status":"publish","type":"product","link":"https:\/\/www.sinpeks.com\/rs\/p\/elektricna-kosilica-agrina-3212i-1200w\/","title":{"rendered":"Elektri\u010dna kosilica Agrina 3212i\/1200W"},"content":{"rendered":"<p>Elektri\u010dna kosilica sa tihim indukcionim motorom bez \u010detkica sa tri nivoa visine ko\u0161enja trave.<\/p>\n","protected":false},"excerpt":{"rendered":"<p>Elektri\u010dna kosilica sa tihim indukcionim motorom bez \u010detkica sa tri nivoa visine ko\u0161enja trave.<\/p>\n","protected":false},"featured_media":18786,"comment_status":"open","ping_status":"closed","template":"","meta":{"_acf_changed":false},"product_cat":[173],"product_tag":[],"class_list":{"0":"post-13600","1":"product","2":"type-product","3":"status-publish","4":"has-post-thumbnail","6":"product_cat-elektricne","7":"product_shipping_class-alati-masine-srbija","8":"pa_b-agrina","9":"pa_market-ba","10":"pa_market-mk","11":"pa_market-rs","13":"first","14":"instock","15":"sale","16":"taxable","17":"shipping-taxable","18":"purchasable","19":"product-type-simple"},"acf":[],"seolaxy_ctr_woo_product_custom_meta_description_content":"","_links":{"self":[{"href":"https:\/\/www.sinpeks.com\/rs\/wp-json\/wp\/v2\/product\/13600","targetHints":{"allow":["GET"]}}],"collection":[{"href":"https:\/\/www.sinpeks.com\/rs\/wp-json\/wp\/v2\/product"}],"about":[{"href":"https:\/\/www.sinpeks.com\/rs\/wp-json\/wp\/v2\/types\/product"}],"replies":[{"embeddable":true,"href":"https:\/\/www.sinpeks.com\/rs\/wp-json\/wp\/v2\/comments?post=13600"}],"wp:featuredmedia":[{"embeddable":true,"href":"https:\/\/www.sinpeks.com\/rs\/wp-json\/wp\/v2\/media\/18786"}],"wp:attachment":[{"href":"https:\/\/www.sinpeks.com\/rs\/wp-json\/wp\/v2\/media?parent=13600"}],"wp:term":[{"taxonomy":"product_cat","embeddable":true,"href":"https:\/\/www.sinpeks.com\/rs\/wp-json\/wp\/v2\/product_cat?post=13600"},{"taxonomy":"product_tag","embeddable":true,"href":"https:\/\/www.sinpeks.com\/rs\/wp-json\/wp\/v2\/product_tag?post=13600"}],"curies":[{"name":"wp","href":"https:\/\/api.w.org\/{rel}","templated":true}]}}