{"id":13599,"date":"2025-01-20T18:21:40","date_gmt":"2025-01-20T18:21:40","guid":{"rendered":"https:\/\/www.sinpeks.com\/rs\/p\/elektricna-kosilica-povermax-37-1800-g2\/"},"modified":"2026-04-01T08:25:40","modified_gmt":"2026-04-01T08:25:40","slug":"elektricna-kosilica-povermax-37-1800-g2","status":"publish","type":"product","link":"https:\/\/www.sinpeks.com\/rs\/p\/elektricna-kosilica-povermax-37-1800-g2\/","title":{"rendered":"Elektri\u010dna kosilica PowerMax 37\/1800 G2"},"content":{"rendered":"<p>Sna\u017ena elektri\u010dna kosilica PowerMax 1800\/37 G2 iz GARDENA je idealna za negu srednjih do velikih travnjaka do 500-1000 m\u00b2. Va\u0161 travnjak c\u0301e biti savr\u0161eno o\u0161i\u0161an sa \u010distim i ravnomernim ko\u0161enjem zahvaljujuc\u0301i ugra\u0111enom DuraEdge se\u010divu napravljenom preciznim bru\u0161enjem. Zahvaljujuc\u0301i cirkulaciji vazduha, poko\u0161ena trava se skuplja u idealno pozicioniranu kutiju za travu od 45 litara. Ova ogromna efikasnost se isplati jer je kutija svaki put potpuno napunjena, pa je re\u0111e praznite. Pre svega, ovo vam \u0161tedi vreme i zahvaljujuc\u0301i indikatoru nivoa punjenja uvek znate kada kutiju treba isprazniti. PowerMax 1800\/37 G2 vam nudi veoma udobno rukovanje zahvaljujuc\u0301i ErgoTec-Plus ru\u010dki. Bez obzira na to kako stavite ruke na ergonomsku ru\u010dku, njome je udobno i lako se rukovati. Ovo u velikoj meri olak\u0161ava upotrebu elektri\u010dne kosilice, \u010dak i tokom du\u017eeg vremenskog perioda. Pre nego \u0161to po\u010dnete, mo\u017eete podesiti visinu ko\u0161enja elektri\u010dne kosilice izme\u0111u 35 i 65 mm samo jednom rukom pomoc\u0301u lako dostupnog dugmeta QuickFit-Plus, koje se nalazi centralno na kuc\u0301i\u0161tu. Nakon \u0161to zavr\u0161ite sa poslom, mo\u017eete koristiti prakti\u010dnu funkciju preklapanja ru\u010dke da odlo\u017eite GARDENA PowerMax 1800\/37 G2 na na\u010din koji \u0161tedi prostor.<\/p>\n","protected":false},"excerpt":{"rendered":"<p>Sna\u017ena elektri\u010dna kosilica PowerMax 1800\/37 G2 iz GARDENA je idealna za negu srednjih do velikih travnjaka do 500-1000 m\u00b2. Va\u0161 travnjak c\u0301e biti savr\u0161eno o\u0161i\u0161an sa \u010distim i ravnomernim ko\u0161enjem zahvaljujuc\u0301i ugra\u0111enom DuraEdge se\u010divu napravljenom preciznim bru\u0161enjem. Zahvaljujuc\u0301i cirkulaciji vazduha, poko\u0161ena trava se skuplja u idealno pozicioniranu kutiju za travu od 45 litara. Ova ogromna [&hellip;]<\/p>\n","protected":false},"featured_media":18785,"comment_status":"open","ping_status":"closed","template":"","meta":{"_acf_changed":false},"product_cat":[173],"product_tag":[],"class_list":{"0":"post-13599","1":"product","2":"type-product","3":"status-publish","4":"has-post-thumbnail","6":"product_cat-elektricne","7":"product_shipping_class-alati-masine-makedonija","8":"pa_market-ba","9":"pa_market-mk","10":"pa_market-rs","12":"first","13":"instock","14":"sale","15":"taxable","16":"shipping-taxable","17":"purchasable","18":"product-type-simple"},"acf":[],"seolaxy_ctr_woo_product_custom_meta_description_content":"","_links":{"self":[{"href":"https:\/\/www.sinpeks.com\/rs\/wp-json\/wp\/v2\/product\/13599","targetHints":{"allow":["GET"]}}],"collection":[{"href":"https:\/\/www.sinpeks.com\/rs\/wp-json\/wp\/v2\/product"}],"about":[{"href":"https:\/\/www.sinpeks.com\/rs\/wp-json\/wp\/v2\/types\/product"}],"replies":[{"embeddable":true,"href":"https:\/\/www.sinpeks.com\/rs\/wp-json\/wp\/v2\/comments?post=13599"}],"wp:featuredmedia":[{"embeddable":true,"href":"https:\/\/www.sinpeks.com\/rs\/wp-json\/wp\/v2\/media\/18785"}],"wp:attachment":[{"href":"https:\/\/www.sinpeks.com\/rs\/wp-json\/wp\/v2\/media?parent=13599"}],"wp:term":[{"taxonomy":"product_cat","embeddable":true,"href":"https:\/\/www.sinpeks.com\/rs\/wp-json\/wp\/v2\/product_cat?post=13599"},{"taxonomy":"product_tag","embeddable":true,"href":"https:\/\/www.sinpeks.com\/rs\/wp-json\/wp\/v2\/product_tag?post=13599"}],"curies":[{"name":"wp","href":"https:\/\/api.w.org\/{rel}","templated":true}]}}