{"id":13596,"date":"2025-01-20T18:21:39","date_gmt":"2025-01-20T18:21:39","guid":{"rendered":"https:\/\/www.sinpeks.com\/rs\/p\/elektricna-kosilica-ag-1400\/"},"modified":"2026-05-11T12:56:12","modified_gmt":"2026-05-11T12:56:12","slug":"elektricna-kosilica-ag-1400","status":"publish","type":"product","link":"https:\/\/www.sinpeks.com\/rs\/p\/elektricna-kosilica-ag-1400\/","title":{"rendered":"Elektri\u010dna kosilica AG 1400"},"content":{"rendered":"<p>Elektri\u010dna kosilica sa tihim indukcionim motorom bez \u010detkica sa tri nivoa visine ko\u0161enja trave.<\/p>\n","protected":false},"excerpt":{"rendered":"<p>Elektri\u010dna kosilica sa tihim indukcionim motorom bez \u010detkica sa tri nivoa visine ko\u0161enja trave.<\/p>\n","protected":false},"featured_media":18787,"comment_status":"open","ping_status":"closed","template":"","meta":{"_acf_changed":false},"product_cat":[173],"product_tag":[],"class_list":{"0":"post-13596","1":"product","2":"type-product","3":"status-publish","4":"has-post-thumbnail","6":"product_cat-elektricne","7":"product_shipping_class-alati-masine-srbija","8":"pa_b-agrina","9":"pa_market-ba","10":"pa_market-mk","11":"pa_market-rs","12":"pa_napon-230-240-v-50-hz-monofazni","13":"pa_radna-sirina-32-cm","14":"pa_snaga-motora-1400-w","16":"first","17":"instock","18":"sale","19":"taxable","20":"shipping-taxable","21":"purchasable","22":"product-type-simple"},"acf":[],"seolaxy_ctr_woo_product_custom_meta_description_content":"","_links":{"self":[{"href":"https:\/\/www.sinpeks.com\/rs\/wp-json\/wp\/v2\/product\/13596","targetHints":{"allow":["GET"]}}],"collection":[{"href":"https:\/\/www.sinpeks.com\/rs\/wp-json\/wp\/v2\/product"}],"about":[{"href":"https:\/\/www.sinpeks.com\/rs\/wp-json\/wp\/v2\/types\/product"}],"replies":[{"embeddable":true,"href":"https:\/\/www.sinpeks.com\/rs\/wp-json\/wp\/v2\/comments?post=13596"}],"wp:featuredmedia":[{"embeddable":true,"href":"https:\/\/www.sinpeks.com\/rs\/wp-json\/wp\/v2\/media\/18787"}],"wp:attachment":[{"href":"https:\/\/www.sinpeks.com\/rs\/wp-json\/wp\/v2\/media?parent=13596"}],"wp:term":[{"taxonomy":"product_cat","embeddable":true,"href":"https:\/\/www.sinpeks.com\/rs\/wp-json\/wp\/v2\/product_cat?post=13596"},{"taxonomy":"product_tag","embeddable":true,"href":"https:\/\/www.sinpeks.com\/rs\/wp-json\/wp\/v2\/product_tag?post=13596"}],"curies":[{"name":"wp","href":"https:\/\/api.w.org\/{rel}","templated":true}]}}