{"id":13590,"date":"2025-01-20T18:21:38","date_gmt":"2025-01-20T18:21:38","guid":{"rendered":"https:\/\/www.sinpeks.com\/rs\/p\/trimer-82tb10-cramer\/"},"modified":"2026-05-04T20:06:03","modified_gmt":"2026-05-04T20:06:03","slug":"trimer-82tb10-cramer","status":"publish","type":"product","link":"https:\/\/www.sinpeks.com\/rs\/p\/trimer-82tb10-cramer\/","title":{"rendered":"Trimer 82TB10 Cramer"},"content":{"rendered":"<p>Profesionalni baterijski trimer iz programa Cramer od 82 V sa ru\u010dkama za bicikle i vrhunskim performansama prilikom ko\u0161enja.<\/p>\n<p>*Napomena: Trimer je bez baterije i punja\u010da.<\/p>\n<p>Kompatibilne baterije: 019698 i 019699-6 Ah, 021009-4 Ah<\/p>\n<p>027047-5 Ah, 027048-8 Ah<\/p>\n<p>Kompatibilni punja\u010d: 019697 (2 slota za punjenje), 022327 (1 slot za punjenje)<\/p>\n","protected":false},"excerpt":{"rendered":"<p>Profesionalni baterijski trimer iz programa Cramer od 82 V sa ru\u010dkama za bicikle i vrhunskim performansama prilikom ko\u0161enja. *Napomena: Trimer je bez baterije i punja\u010da. Kompatibilne baterije: 019698 i 019699-6 Ah, 021009-4 Ah 027047-5 Ah, 027048-8 Ah Kompatibilni punja\u010d: 019697 (2 slota za punjenje), 022327 (1 slot za punjenje)<\/p>\n","protected":false},"featured_media":18687,"comment_status":"open","ping_status":"closed","template":"","meta":{"_acf_changed":false},"product_cat":[178],"product_tag":[],"class_list":{"0":"post-13590","1":"product","2":"type-product","3":"status-publish","4":"has-post-thumbnail","6":"product_cat-trimeri","7":"product_shipping_class-alati-masine-makedonija","8":"pa_b-cramer","9":"pa_market-ba","10":"pa_market-mk","11":"pa_market-rs","12":"pa_radna-sirina-40-cm","13":"pa_snaga-1400-w","15":"first","16":"outofstock","17":"sale","18":"taxable","19":"shipping-taxable","20":"purchasable","21":"product-type-simple"},"acf":[],"seolaxy_ctr_woo_product_custom_meta_description_content":"","_links":{"self":[{"href":"https:\/\/www.sinpeks.com\/rs\/wp-json\/wp\/v2\/product\/13590","targetHints":{"allow":["GET"]}}],"collection":[{"href":"https:\/\/www.sinpeks.com\/rs\/wp-json\/wp\/v2\/product"}],"about":[{"href":"https:\/\/www.sinpeks.com\/rs\/wp-json\/wp\/v2\/types\/product"}],"replies":[{"embeddable":true,"href":"https:\/\/www.sinpeks.com\/rs\/wp-json\/wp\/v2\/comments?post=13590"}],"wp:featuredmedia":[{"embeddable":true,"href":"https:\/\/www.sinpeks.com\/rs\/wp-json\/wp\/v2\/media\/18687"}],"wp:attachment":[{"href":"https:\/\/www.sinpeks.com\/rs\/wp-json\/wp\/v2\/media?parent=13590"}],"wp:term":[{"taxonomy":"product_cat","embeddable":true,"href":"https:\/\/www.sinpeks.com\/rs\/wp-json\/wp\/v2\/product_cat?post=13590"},{"taxonomy":"product_tag","embeddable":true,"href":"https:\/\/www.sinpeks.com\/rs\/wp-json\/wp\/v2\/product_tag?post=13590"}],"curies":[{"name":"wp","href":"https:\/\/api.w.org\/{rel}","templated":true}]}}