{"id":13574,"date":"2025-01-20T18:21:35","date_gmt":"2025-01-20T18:21:35","guid":{"rendered":"https:\/\/www.sinpeks.com\/rs\/p\/motorna-kosacica-agrina-43p\/"},"modified":"2026-04-28T10:53:21","modified_gmt":"2026-04-28T10:53:21","slug":"motorna-kosacica-agrina-43p","status":"publish","type":"product","link":"https:\/\/www.sinpeks.com\/rs\/p\/motorna-kosacica-agrina-43p\/","title":{"rendered":"Motorna kosilica Agrina 43P"},"content":{"rendered":"<p>Visokokvalitetna Agrina kosa\u010dica sa odli\u010dnim performansama idealna za odr\u017eavanje va\u0161eg dvori\u0161ta i travnjaka.<\/p>\n","protected":false},"excerpt":{"rendered":"<p>Visokokvalitetna Agrina kosa\u010dica sa odli\u010dnim performansama idealna za odr\u017eavanje va\u0161eg dvori\u0161ta i travnjaka.<\/p>\n","protected":false},"featured_media":16173,"comment_status":"open","ping_status":"closed","template":"","meta":{"_acf_changed":false},"product_cat":[171],"product_tag":[],"class_list":{"0":"post-13574","1":"product","2":"type-product","3":"status-publish","4":"has-post-thumbnail","6":"product_cat-benzinske","7":"product_shipping_class-alati-masine-srbija","8":"pa_b-agrina","9":"pa_market-ba","10":"pa_market-mk","11":"pa_market-rs","12":"pa_pogon-gurajuce","13":"pa_radna-sirina-43-cm","14":"pa_snaga-2000-w","16":"first","17":"instock","18":"sale","19":"taxable","20":"shipping-taxable","21":"purchasable","22":"product-type-simple"},"acf":[],"seolaxy_ctr_woo_product_custom_meta_description_content":"","_links":{"self":[{"href":"https:\/\/www.sinpeks.com\/rs\/wp-json\/wp\/v2\/product\/13574","targetHints":{"allow":["GET"]}}],"collection":[{"href":"https:\/\/www.sinpeks.com\/rs\/wp-json\/wp\/v2\/product"}],"about":[{"href":"https:\/\/www.sinpeks.com\/rs\/wp-json\/wp\/v2\/types\/product"}],"replies":[{"embeddable":true,"href":"https:\/\/www.sinpeks.com\/rs\/wp-json\/wp\/v2\/comments?post=13574"}],"wp:featuredmedia":[{"embeddable":true,"href":"https:\/\/www.sinpeks.com\/rs\/wp-json\/wp\/v2\/media\/16173"}],"wp:attachment":[{"href":"https:\/\/www.sinpeks.com\/rs\/wp-json\/wp\/v2\/media?parent=13574"}],"wp:term":[{"taxonomy":"product_cat","embeddable":true,"href":"https:\/\/www.sinpeks.com\/rs\/wp-json\/wp\/v2\/product_cat?post=13574"},{"taxonomy":"product_tag","embeddable":true,"href":"https:\/\/www.sinpeks.com\/rs\/wp-json\/wp\/v2\/product_tag?post=13574"}],"curies":[{"name":"wp","href":"https:\/\/api.w.org\/{rel}","templated":true}]}}