{"id":13569,"date":"2025-01-20T18:21:34","date_gmt":"2025-01-20T18:21:34","guid":{"rendered":"https:\/\/www.sinpeks.com\/rs\/p\/testera-gd24cs30-greenworks\/"},"modified":"2026-01-13T11:57:38","modified_gmt":"2026-01-13T11:57:38","slug":"testera-gd24cs30-greenworks","status":"publish","type":"product","link":"https:\/\/www.sinpeks.com\/rs\/p\/testera-gd24cs30-greenworks\/","title":{"rendered":"Testera GD24CS30 Greenworks"},"content":{"rendered":"<p>Greenworks GD24CS30 je robusna, lagana 24V motorna testera dizajnirana za kuc\u0301ne i uradi sam. Napajana naprednom litijum-jonskom baterijom od 24V, motorna testera nudi visoke performanse uprkos svojoj kompaktnoj veli\u010dini. Pogodnost je bez potrebe za gorivom ili elektri\u010dnim kablovima, jednostavno ubacite bateriju i spremni ste za se\u010denje. Sa ma\u010dom od 30 cm i te\u017einom od samo 2,6 kg, se\u010denje trupaca za kamin nikada nije bilo jednostavnije.<br \/>\n*Napomena: Testera je bez baterije i punja\u010da.<br \/>\nKompatibilna baterija i punja\u010d: 019685<br \/>\nKompatibilna baterija: 019684 &#8211; 4 Ah, 019688 &#8211; 2 Ah<br \/>\nKompatibilni punja\u010d: 019689<\/p>\n","protected":false},"excerpt":{"rendered":"<p>Greenworks GD24CS30 je robusna, lagana 24V motorna testera dizajnirana za kuc\u0301ne i uradi sam. Napajana naprednom litijum-jonskom baterijom od 24V, motorna testera nudi visoke performanse uprkos svojoj kompaktnoj veli\u010dini. Pogodnost je bez potrebe za gorivom ili elektri\u010dnim kablovima, jednostavno ubacite bateriju i spremni ste za se\u010denje. Sa ma\u010dom od 30 cm i te\u017einom od samo [&hellip;]<\/p>\n","protected":false},"featured_media":0,"comment_status":"open","ping_status":"closed","template":"","meta":{"_acf_changed":false},"product_cat":[181],"product_tag":[],"class_list":{"0":"post-13569","1":"product","2":"type-product","3":"status-publish","5":"product_cat-testere-za-grane","6":"product_shipping_class-alati-masine-makedonija","7":"pa_b-greenworks","8":"pa_market-mk","10":"first","11":"outofstock","12":"sale","13":"taxable","14":"shipping-taxable","15":"purchasable","16":"product-type-simple"},"acf":[],"seolaxy_ctr_woo_product_custom_meta_description_content":"","_links":{"self":[{"href":"https:\/\/www.sinpeks.com\/rs\/wp-json\/wp\/v2\/product\/13569","targetHints":{"allow":["GET"]}}],"collection":[{"href":"https:\/\/www.sinpeks.com\/rs\/wp-json\/wp\/v2\/product"}],"about":[{"href":"https:\/\/www.sinpeks.com\/rs\/wp-json\/wp\/v2\/types\/product"}],"replies":[{"embeddable":true,"href":"https:\/\/www.sinpeks.com\/rs\/wp-json\/wp\/v2\/comments?post=13569"}],"wp:attachment":[{"href":"https:\/\/www.sinpeks.com\/rs\/wp-json\/wp\/v2\/media?parent=13569"}],"wp:term":[{"taxonomy":"product_cat","embeddable":true,"href":"https:\/\/www.sinpeks.com\/rs\/wp-json\/wp\/v2\/product_cat?post=13569"},{"taxonomy":"product_tag","embeddable":true,"href":"https:\/\/www.sinpeks.com\/rs\/wp-json\/wp\/v2\/product_tag?post=13569"}],"curies":[{"name":"wp","href":"https:\/\/api.w.org\/{rel}","templated":true}]}}