{"id":12668,"date":"2024-11-19T19:46:37","date_gmt":"2024-11-19T19:46:37","guid":{"rendered":"https:\/\/www.sinpeks.com\/rs\/p\/rucni-kran-500-2000-kg\/"},"modified":"2026-01-13T10:51:12","modified_gmt":"2026-01-13T10:51:12","slug":"rucni-kran-500-2000-kg","status":"publish","type":"product","link":"https:\/\/www.sinpeks.com\/rs\/p\/rucni-kran-500-2000-kg\/","title":{"rendered":"Ru\u010dni kran 500-2000 kg"},"content":{"rendered":"<p>Podizanje razli\u010ditih tereta u radionicama ili proizvodnim pogonima mo\u017ee biti pravi izazov koji zahteva odgovaraju\u0107u opremu. Samo uz njega \u0107e posao biti obavljen efikasno, bez povreda i materijalne \u0161tete. Adekvatan za rad u bilo kojoj industriji, ru\u010dni kran SC2000A je mo\u0107no sredstvo namenjeno podizanju razli\u010ditih tereta u odre\u0111ene polo\u017eaje.<\/p>\n","protected":false},"excerpt":{"rendered":"<p>Podizanje razli\u010ditih tereta u radionicama ili proizvodnim pogonima mo\u017ee biti pravi izazov koji zahteva odgovaraju\u0107u opremu. Samo uz njega \u0107e posao biti obavljen efikasno, bez povreda i materijalne \u0161tete. Adekvatan za rad u bilo kojoj industriji, ru\u010dni kran SC2000A je mo\u0107no sredstvo namenjeno podizanju razli\u010ditih tereta u odre\u0111ene polo\u017eaje.<\/p>\n","protected":false},"featured_media":16735,"comment_status":"open","ping_status":"closed","template":"","meta":{"_acf_changed":false},"product_cat":[165],"product_tag":[],"class_list":{"0":"post-12668","1":"product","2":"type-product","3":"status-publish","4":"has-post-thumbnail","6":"product_cat-rucni-paletari","7":"product_shipping_class-ostale-kategorije-makedonija","8":"pa_b-agrina","9":"pa_market-ba","10":"pa_market-mk","11":"pa_market-rs","12":"pa_nosivost-2000-kg","13":"pa_visina-dizanja-27-m","15":"first","16":"outofstock","17":"sale","18":"taxable","19":"shipping-taxable","20":"purchasable","21":"product-type-simple"},"acf":[],"seolaxy_ctr_woo_product_custom_meta_description_content":"","_links":{"self":[{"href":"https:\/\/www.sinpeks.com\/rs\/wp-json\/wp\/v2\/product\/12668","targetHints":{"allow":["GET"]}}],"collection":[{"href":"https:\/\/www.sinpeks.com\/rs\/wp-json\/wp\/v2\/product"}],"about":[{"href":"https:\/\/www.sinpeks.com\/rs\/wp-json\/wp\/v2\/types\/product"}],"replies":[{"embeddable":true,"href":"https:\/\/www.sinpeks.com\/rs\/wp-json\/wp\/v2\/comments?post=12668"}],"wp:featuredmedia":[{"embeddable":true,"href":"https:\/\/www.sinpeks.com\/rs\/wp-json\/wp\/v2\/media\/16735"}],"wp:attachment":[{"href":"https:\/\/www.sinpeks.com\/rs\/wp-json\/wp\/v2\/media?parent=12668"}],"wp:term":[{"taxonomy":"product_cat","embeddable":true,"href":"https:\/\/www.sinpeks.com\/rs\/wp-json\/wp\/v2\/product_cat?post=12668"},{"taxonomy":"product_tag","embeddable":true,"href":"https:\/\/www.sinpeks.com\/rs\/wp-json\/wp\/v2\/product_tag?post=12668"}],"curies":[{"name":"wp","href":"https:\/\/api.w.org\/{rel}","templated":true}]}}