{"id":12667,"date":"2024-11-19T19:46:36","date_gmt":"2024-11-19T19:46:36","guid":{"rendered":"https:\/\/www.sinpeks.com\/rs\/p\/mobilna-busilica-dms-240-profi\/"},"modified":"2026-01-13T11:27:11","modified_gmt":"2026-01-13T11:27:11","slug":"mobilna-busilica-dms-240-profi","status":"publish","type":"product","link":"https:\/\/www.sinpeks.com\/rs\/p\/mobilna-busilica-dms-240-profi\/","title":{"rendered":"Mobilna bu\u0161ilica DMS 240 &#8211; Profi"},"content":{"rendered":"<div id=\"main\" class=\"hui-product-details__main\">\n<div class=\"hui-container\">\n<div class=\"hui-box\">\n<article id=\"additional-details\" class=\"hui-product-details__additional-content hui-container\">\n<div class=\"hui-product-details__text-container\">\n<div class=\"hcp-editorial\"><span class=\"hui-product-details__content-text\">DMS 240 je elektri\u010dna bu\u0161ilica sa sistemom postolja za veliki broj primena za bu\u0161enje. To je najmo\u0107niji sistem u na\u0161em rasponu postolja za bu\u0161ilice. Idealan za bu\u0161enje u zidovima, podovima i krovovima pre\u010dnika do 250 mm i maksimalnom du\u017einom \u0161ine od 685mm.Postolje se lako naginje, nosa\u010d za le\u0111a pru\u017ea pouzdano i stabilno bu\u0161enje pod uglom, \u0161tede\u0107i vam vreme za pode\u0161avanje sa manje optere\u0107enja na telu. Ovaj sistem se mo\u017ee koristiti za bu\u0161enje ventilacionih i vodovodnih kanala, cevi za evakuaciju otpada, kao i barijere i putokaze.<\/span><\/div>\n<\/div>\n<\/article>\n<\/div>\n<\/div>\n<\/div>\n<aside class=\"hui-product-details__aside\">\n<div class=\"hui-box bottom-divider\">\n<div class=\"hui-box hui-product-details__main-heading\">\n<div class=\"hui-spacing--sm-m-4-times-0 hui-spacing--sm-mb-4-times-2 hui-text-overline hui-typography--uppercase hui-typography--color-tertiary\"><\/div>\n<\/div>\n<\/div>\n<\/aside>\n","protected":false},"excerpt":{"rendered":"<p>DMS 240 je elektri\u010dna bu\u0161ilica sa sistemom postolja za veliki broj primena za bu\u0161enje. To je najmo\u0107niji sistem u na\u0161em rasponu postolja za bu\u0161ilice. Idealan za bu\u0161enje u zidovima, podovima i krovovima pre\u010dnika do 250 mm i maksimalnom du\u017einom \u0161ine od 685mm.Postolje se lako naginje, nosa\u010d za le\u0111a pru\u017ea pouzdano i stabilno bu\u0161enje pod uglom, [&hellip;]<\/p>\n","protected":false},"featured_media":17215,"comment_status":"open","ping_status":"closed","template":"","meta":{"_acf_changed":false},"product_cat":[2506],"product_tag":[],"class_list":{"0":"post-12667","1":"product","2":"type-product","3":"status-publish","4":"has-post-thumbnail","6":"product_cat-masine-za-secenje-betona-i-asfalta","7":"product_shipping_class-ostale-kategorije-makedonija","8":"pa_b-husqvarna","9":"pa_market-ba","10":"pa_market-mk","11":"pa_market-rs","12":"pa_snaga-motora-2-4-kw","14":"first","15":"outofstock","16":"taxable","17":"shipping-taxable","18":"purchasable","19":"product-type-simple"},"acf":[],"seolaxy_ctr_woo_product_custom_meta_description_content":"","_links":{"self":[{"href":"https:\/\/www.sinpeks.com\/rs\/wp-json\/wp\/v2\/product\/12667","targetHints":{"allow":["GET"]}}],"collection":[{"href":"https:\/\/www.sinpeks.com\/rs\/wp-json\/wp\/v2\/product"}],"about":[{"href":"https:\/\/www.sinpeks.com\/rs\/wp-json\/wp\/v2\/types\/product"}],"replies":[{"embeddable":true,"href":"https:\/\/www.sinpeks.com\/rs\/wp-json\/wp\/v2\/comments?post=12667"}],"wp:featuredmedia":[{"embeddable":true,"href":"https:\/\/www.sinpeks.com\/rs\/wp-json\/wp\/v2\/media\/17215"}],"wp:attachment":[{"href":"https:\/\/www.sinpeks.com\/rs\/wp-json\/wp\/v2\/media?parent=12667"}],"wp:term":[{"taxonomy":"product_cat","embeddable":true,"href":"https:\/\/www.sinpeks.com\/rs\/wp-json\/wp\/v2\/product_cat?post=12667"},{"taxonomy":"product_tag","embeddable":true,"href":"https:\/\/www.sinpeks.com\/rs\/wp-json\/wp\/v2\/product_tag?post=12667"}],"curies":[{"name":"wp","href":"https:\/\/api.w.org\/{rel}","templated":true}]}}