{"id":12666,"date":"2024-11-19T19:46:36","date_gmt":"2024-11-19T19:46:36","guid":{"rendered":"https:\/\/www.sinpeks.com\/rs\/p\/rezac-asfalta-husqvarna-fs-400lv\/"},"modified":"2026-01-13T11:25:11","modified_gmt":"2026-01-13T11:25:11","slug":"rezac-asfalta-husqvarna-fs-400lv","status":"publish","type":"product","link":"https:\/\/www.sinpeks.com\/rs\/p\/rezac-asfalta-husqvarna-fs-400lv\/","title":{"rendered":"Podni seka\u010d Husqvarna FS 400LV"},"content":{"rendered":"<p>Husqvarna FS 400 LV je udobni podni seka\u010d. Podesiva ru\u010dka obezbe\u0111uje ergonomski radni polo\u017eaj. Savr\u0161ena raspodela te\u017eine daje odli\u010dnu stabilnost pri se\u010denju. Idealan za male popravke puteva na betonu ili asfaltu, sa dubinom se\u010denja do 187 mm i pre\u010dnikom diskova 500mm.<\/p>\n","protected":false},"excerpt":{"rendered":"<p>Husqvarna FS 400 LV je udobni podni seka\u010d. Podesiva ru\u010dka obezbe\u0111uje ergonomski radni polo\u017eaj. Savr\u0161ena raspodela te\u017eine daje odli\u010dnu stabilnost pri se\u010denju. Idealan za male popravke puteva na betonu ili asfaltu, sa dubinom se\u010denja do 187 mm i pre\u010dnikom diskova 500mm.<\/p>\n","protected":false},"featured_media":17214,"comment_status":"open","ping_status":"closed","template":"","meta":{"_acf_changed":false},"product_cat":[2506],"product_tag":[],"class_list":{"0":"post-12666","1":"product","2":"type-product","3":"status-publish","4":"has-post-thumbnail","6":"product_cat-masine-za-secenje-betona-i-asfalta","7":"product_shipping_class-ostale-kategorije-makedonija","8":"pa_b-husqvarna","9":"pa_market-ba","10":"pa_market-mk","11":"pa_market-rs","12":"pa_snaga-motora-8700-w","14":"first","15":"outofstock","16":"taxable","17":"shipping-taxable","18":"purchasable","19":"product-type-simple"},"acf":[],"seolaxy_ctr_woo_product_custom_meta_description_content":"","_links":{"self":[{"href":"https:\/\/www.sinpeks.com\/rs\/wp-json\/wp\/v2\/product\/12666","targetHints":{"allow":["GET"]}}],"collection":[{"href":"https:\/\/www.sinpeks.com\/rs\/wp-json\/wp\/v2\/product"}],"about":[{"href":"https:\/\/www.sinpeks.com\/rs\/wp-json\/wp\/v2\/types\/product"}],"replies":[{"embeddable":true,"href":"https:\/\/www.sinpeks.com\/rs\/wp-json\/wp\/v2\/comments?post=12666"}],"wp:featuredmedia":[{"embeddable":true,"href":"https:\/\/www.sinpeks.com\/rs\/wp-json\/wp\/v2\/media\/17214"}],"wp:attachment":[{"href":"https:\/\/www.sinpeks.com\/rs\/wp-json\/wp\/v2\/media?parent=12666"}],"wp:term":[{"taxonomy":"product_cat","embeddable":true,"href":"https:\/\/www.sinpeks.com\/rs\/wp-json\/wp\/v2\/product_cat?post=12666"},{"taxonomy":"product_tag","embeddable":true,"href":"https:\/\/www.sinpeks.com\/rs\/wp-json\/wp\/v2\/product_tag?post=12666"}],"curies":[{"name":"wp","href":"https:\/\/api.w.org\/{rel}","templated":true}]}}