{"id":12665,"date":"2024-11-19T19:46:35","date_gmt":"2024-11-19T19:46:35","guid":{"rendered":"https:\/\/www.sinpeks.com\/rs\/p\/rezac-husqvarna-k4000-cut-n-break\/"},"modified":"2026-01-13T11:25:10","modified_gmt":"2026-01-13T11:25:10","slug":"rezac-husqvarna-k4000-cut-n-break","status":"publish","type":"product","link":"https:\/\/www.sinpeks.com\/rs\/p\/rezac-husqvarna-k4000-cut-n-break\/","title":{"rendered":"Ru\u010dni seka\u010d Husqvarna K4000 Cut-n-Break"},"content":{"rendered":"<p>Na\u0161 Cut-n-Break metod je prirodan izbor kada treba duboko se\u010denje i ma\u0161inu sa niskim tro\u0161kovima alata i odr\u017eavanja. K\u202f4000 Cut-n-Break vam omoguc\u0301ava da se\u010dete na dubini od 400 mm sa jedne strane. Pogodan za se\u010denje u blizini zidova i podova, kao i za manje poslove kao \u0161to su prozorski otvori gde \u017eelite da izbegnete prekomerno se\u010denje na uglovima. Pre\u010dnik diskova 230mm.<\/p>\n","protected":false},"excerpt":{"rendered":"<p>Na\u0161 Cut-n-Break metod je prirodan izbor kada treba duboko se\u010denje i ma\u0161inu sa niskim tro\u0161kovima alata i odr\u017eavanja. K\u202f4000 Cut-n-Break vam omoguc\u0301ava da se\u010dete na dubini od 400 mm sa jedne strane. Pogodan za se\u010denje u blizini zidova i podova, kao i za manje poslove kao \u0161to su prozorski otvori gde \u017eelite da izbegnete prekomerno [&hellip;]<\/p>\n","protected":false},"featured_media":17217,"comment_status":"open","ping_status":"closed","template":"","meta":{"_acf_changed":false},"product_cat":[2506],"product_tag":[],"class_list":{"0":"post-12665","1":"product","2":"type-product","3":"status-publish","4":"has-post-thumbnail","6":"product_cat-masine-za-secenje-betona-i-asfalta","7":"product_shipping_class-ostale-kategorije-makedonija","8":"pa_b-husqvarna","9":"pa_market-ba","10":"pa_market-mk","11":"pa_market-rs","12":"pa_snaga-motora-2-7-kw","14":"first","15":"outofstock","16":"taxable","17":"shipping-taxable","18":"purchasable","19":"product-type-simple"},"acf":[],"seolaxy_ctr_woo_product_custom_meta_description_content":"","_links":{"self":[{"href":"https:\/\/www.sinpeks.com\/rs\/wp-json\/wp\/v2\/product\/12665","targetHints":{"allow":["GET"]}}],"collection":[{"href":"https:\/\/www.sinpeks.com\/rs\/wp-json\/wp\/v2\/product"}],"about":[{"href":"https:\/\/www.sinpeks.com\/rs\/wp-json\/wp\/v2\/types\/product"}],"replies":[{"embeddable":true,"href":"https:\/\/www.sinpeks.com\/rs\/wp-json\/wp\/v2\/comments?post=12665"}],"wp:featuredmedia":[{"embeddable":true,"href":"https:\/\/www.sinpeks.com\/rs\/wp-json\/wp\/v2\/media\/17217"}],"wp:attachment":[{"href":"https:\/\/www.sinpeks.com\/rs\/wp-json\/wp\/v2\/media?parent=12665"}],"wp:term":[{"taxonomy":"product_cat","embeddable":true,"href":"https:\/\/www.sinpeks.com\/rs\/wp-json\/wp\/v2\/product_cat?post=12665"},{"taxonomy":"product_tag","embeddable":true,"href":"https:\/\/www.sinpeks.com\/rs\/wp-json\/wp\/v2\/product_tag?post=12665"}],"curies":[{"name":"wp","href":"https:\/\/api.w.org\/{rel}","templated":true}]}}