{"id":12664,"date":"2024-11-19T19:46:35","date_gmt":"2024-11-19T19:46:35","guid":{"rendered":"https:\/\/www.sinpeks.com\/rs\/p\/bezinska-drobilica-hilta-bh55-28x152\/"},"modified":"2026-01-13T11:04:58","modified_gmt":"2026-01-13T11:04:58","slug":"bezinska-drobilica-hilta-bh55-28x152","status":"publish","type":"product","link":"https:\/\/www.sinpeks.com\/rs\/p\/bezinska-drobilica-hilta-bh55-28x152\/","title":{"rendered":"Bezinska drobilica (hilta) BH55 28&#215;152"},"content":{"rendered":"<p>Wacker Neuson BH55 benzinski \u010dekic\u0301 za ru\u0161enje je po\u010detni model me\u0111u razbija\u010dima. Lak\u0161i i manji od ostalih benzinskih lomaca, nudi kompaktnu veli\u010dinu, lako rukovanje i izvanredan odnos snage i te\u017eine.<\/p>\n","protected":false},"excerpt":{"rendered":"<p>Wacker Neuson BH55 benzinski \u010dekic\u0301 za ru\u0161enje je po\u010detni model me\u0111u razbija\u010dima. Lak\u0161i i manji od ostalih benzinskih lomaca, nudi kompaktnu veli\u010dinu, lako rukovanje i izvanredan odnos snage i te\u017eine.<\/p>\n","protected":false},"featured_media":17216,"comment_status":"open","ping_status":"closed","template":"","meta":{"_acf_changed":false},"product_cat":[2506],"product_tag":[],"class_list":{"0":"post-12664","1":"product","2":"type-product","3":"status-publish","4":"has-post-thumbnail","6":"product_cat-masine-za-secenje-betona-i-asfalta","7":"product_shipping_class-ostale-kategorije-makedonija","8":"pa_b-wacker-neuson","9":"pa_market-ba","10":"pa_market-mk","11":"pa_market-rs","12":"pa_snaga-motora-2-2-ks","14":"first","15":"outofstock","16":"taxable","17":"shipping-taxable","18":"purchasable","19":"product-type-simple"},"acf":[],"seolaxy_ctr_woo_product_custom_meta_description_content":"","_links":{"self":[{"href":"https:\/\/www.sinpeks.com\/rs\/wp-json\/wp\/v2\/product\/12664","targetHints":{"allow":["GET"]}}],"collection":[{"href":"https:\/\/www.sinpeks.com\/rs\/wp-json\/wp\/v2\/product"}],"about":[{"href":"https:\/\/www.sinpeks.com\/rs\/wp-json\/wp\/v2\/types\/product"}],"replies":[{"embeddable":true,"href":"https:\/\/www.sinpeks.com\/rs\/wp-json\/wp\/v2\/comments?post=12664"}],"wp:featuredmedia":[{"embeddable":true,"href":"https:\/\/www.sinpeks.com\/rs\/wp-json\/wp\/v2\/media\/17216"}],"wp:attachment":[{"href":"https:\/\/www.sinpeks.com\/rs\/wp-json\/wp\/v2\/media?parent=12664"}],"wp:term":[{"taxonomy":"product_cat","embeddable":true,"href":"https:\/\/www.sinpeks.com\/rs\/wp-json\/wp\/v2\/product_cat?post=12664"},{"taxonomy":"product_tag","embeddable":true,"href":"https:\/\/www.sinpeks.com\/rs\/wp-json\/wp\/v2\/product_tag?post=12664"}],"curies":[{"name":"wp","href":"https:\/\/api.w.org\/{rel}","templated":true}]}}