{"id":12663,"date":"2024-11-19T19:46:34","date_gmt":"2024-11-19T19:46:34","guid":{"rendered":"https:\/\/www.sinpeks.com\/rs\/p\/masina-za-secenje-betona-husqvarna-k970\/"},"modified":"2026-01-13T10:55:12","modified_gmt":"2026-01-13T10:55:12","slug":"masina-za-secenje-betona-husqvarna-k970","status":"publish","type":"product","link":"https:\/\/www.sinpeks.com\/rs\/p\/masina-za-secenje-betona-husqvarna-k970\/","title":{"rendered":"Ma\u0161ina za se\u010denje betona Husqvarna K970"},"content":{"rendered":"<p>K970 SmartGuard je \u010dvrst, pouzdan, lagan, moc\u0301an i spreman za rad. Vrhunski izbor kada vam je potreban svestrani reza\u010d koji radi u najte\u017eim uslovima, izdr\u017eavajuc\u0301i klimatske i varijacije goriva. Opremljen SmartGuardom, pro\u0161irenim dizajnom \u0161titnika se\u010diva koji smanjuje verovatnoc\u0301u nezgoda i okolnosti u slu\u010daju povratnog trzaja jer nagla\u0161ava ispravnu tehniku i ta\u010dnu zonu se\u010denja.<\/p>\n","protected":false},"excerpt":{"rendered":"<p>K970 SmartGuard je \u010dvrst, pouzdan, lagan, moc\u0301an i spreman za rad. Vrhunski izbor kada vam je potreban svestrani reza\u010d koji radi u najte\u017eim uslovima, izdr\u017eavajuc\u0301i klimatske i varijacije goriva. Opremljen SmartGuardom, pro\u0161irenim dizajnom \u0161titnika se\u010diva koji smanjuje verovatnoc\u0301u nezgoda i okolnosti u slu\u010daju povratnog trzaja jer nagla\u0161ava ispravnu tehniku i ta\u010dnu zonu se\u010denja.<\/p>\n","protected":false},"featured_media":17219,"comment_status":"open","ping_status":"closed","template":"","meta":{"_acf_changed":false},"product_cat":[2506],"product_tag":[],"class_list":{"0":"post-12663","1":"product","2":"type-product","3":"status-publish","4":"has-post-thumbnail","6":"product_cat-masine-za-secenje-betona-i-asfalta","7":"product_shipping_class-ostale-kategorije-makedonija","8":"pa_b-husqvarna","9":"pa_market-ba","10":"pa_market-mk","11":"pa_market-rs","12":"pa_snaga-motora-4800-w","14":"first","15":"outofstock","16":"taxable","17":"shipping-taxable","18":"purchasable","19":"product-type-simple"},"acf":[],"seolaxy_ctr_woo_product_custom_meta_description_content":"","_links":{"self":[{"href":"https:\/\/www.sinpeks.com\/rs\/wp-json\/wp\/v2\/product\/12663","targetHints":{"allow":["GET"]}}],"collection":[{"href":"https:\/\/www.sinpeks.com\/rs\/wp-json\/wp\/v2\/product"}],"about":[{"href":"https:\/\/www.sinpeks.com\/rs\/wp-json\/wp\/v2\/types\/product"}],"replies":[{"embeddable":true,"href":"https:\/\/www.sinpeks.com\/rs\/wp-json\/wp\/v2\/comments?post=12663"}],"wp:featuredmedia":[{"embeddable":true,"href":"https:\/\/www.sinpeks.com\/rs\/wp-json\/wp\/v2\/media\/17219"}],"wp:attachment":[{"href":"https:\/\/www.sinpeks.com\/rs\/wp-json\/wp\/v2\/media?parent=12663"}],"wp:term":[{"taxonomy":"product_cat","embeddable":true,"href":"https:\/\/www.sinpeks.com\/rs\/wp-json\/wp\/v2\/product_cat?post=12663"},{"taxonomy":"product_tag","embeddable":true,"href":"https:\/\/www.sinpeks.com\/rs\/wp-json\/wp\/v2\/product_tag?post=12663"}],"curies":[{"name":"wp","href":"https:\/\/api.w.org\/{rel}","templated":true}]}}