{"id":12659,"date":"2024-11-19T19:46:31","date_gmt":"2024-11-19T19:46:31","guid":{"rendered":"https:\/\/www.sinpeks.com\/rs\/p\/masina-za-glacanje-podova-pg-450\/"},"modified":"2026-01-13T11:04:57","modified_gmt":"2026-01-13T11:04:57","slug":"masina-za-glacanje-podova-pg-450","status":"publish","type":"product","link":"https:\/\/www.sinpeks.com\/rs\/p\/masina-za-glacanje-podova-pg-450\/","title":{"rendered":"Podna brusilica PG 450"},"content":{"rendered":"<p>PG 450 je svestran i visoko produktivan podni brusa\u010d sa \u0161irokim spektrom primena. Sa svojim efektivnim pre\u010dnikom od 450 mm, efikasno uklanja lepkove, boju, epoksid na srednjim i velikim betonskim povr\u0161inama.<\/p>\n<p>PG 450 je jednostavan za transport zahvaljuju\u0107i svom kompaktnom i sklopivom okviru. Ma\u0161ina je dizajnirana da olak\u0161a ergonomski radni polo\u017eaj, laka je i udobna za upotrebu.<\/p>\n","protected":false},"excerpt":{"rendered":"<p>PG 450 je svestran i visoko produktivan podni brusa\u010d sa \u0161irokim spektrom primena. Sa svojim efektivnim pre\u010dnikom od 450 mm, efikasno uklanja lepkove, boju, epoksid na srednjim i velikim betonskim povr\u0161inama. PG 450 je jednostavan za transport zahvaljuju\u0107i svom kompaktnom i sklopivom okviru. Ma\u0161ina je dizajnirana da olak\u0161a ergonomski radni polo\u017eaj, laka je i udobna [&hellip;]<\/p>\n","protected":false},"featured_media":17176,"comment_status":"open","ping_status":"closed","template":"","meta":{"_acf_changed":false},"product_cat":[2505],"product_tag":[],"class_list":{"0":"post-12659","1":"product","2":"type-product","3":"status-publish","4":"has-post-thumbnail","6":"product_cat-helikopteri","7":"product_shipping_class-ostale-kategorije-makedonija","8":"pa_b-husqvarna","9":"pa_market-ba","10":"pa_market-mk","11":"pa_market-rs","12":"pa_snaga-motora-2200-w","14":"first","15":"outofstock","16":"sale","17":"taxable","18":"shipping-taxable","19":"purchasable","20":"product-type-simple"},"acf":[],"seolaxy_ctr_woo_product_custom_meta_description_content":"","_links":{"self":[{"href":"https:\/\/www.sinpeks.com\/rs\/wp-json\/wp\/v2\/product\/12659","targetHints":{"allow":["GET"]}}],"collection":[{"href":"https:\/\/www.sinpeks.com\/rs\/wp-json\/wp\/v2\/product"}],"about":[{"href":"https:\/\/www.sinpeks.com\/rs\/wp-json\/wp\/v2\/types\/product"}],"replies":[{"embeddable":true,"href":"https:\/\/www.sinpeks.com\/rs\/wp-json\/wp\/v2\/comments?post=12659"}],"wp:featuredmedia":[{"embeddable":true,"href":"https:\/\/www.sinpeks.com\/rs\/wp-json\/wp\/v2\/media\/17176"}],"wp:attachment":[{"href":"https:\/\/www.sinpeks.com\/rs\/wp-json\/wp\/v2\/media?parent=12659"}],"wp:term":[{"taxonomy":"product_cat","embeddable":true,"href":"https:\/\/www.sinpeks.com\/rs\/wp-json\/wp\/v2\/product_cat?post=12659"},{"taxonomy":"product_tag","embeddable":true,"href":"https:\/\/www.sinpeks.com\/rs\/wp-json\/wp\/v2\/product_tag?post=12659"}],"curies":[{"name":"wp","href":"https:\/\/api.w.org\/{rel}","templated":true}]}}