{"id":12657,"date":"2024-11-19T19:46:30","date_gmt":"2024-11-19T19:46:30","guid":{"rendered":"https:\/\/www.sinpeks.com\/rs\/p\/vibro-ploca-60kg-epct656002-emtop\/"},"modified":"2026-04-27T08:40:47","modified_gmt":"2026-04-27T08:40:47","slug":"vibro-ploca-60kg-epct656002-emtop","status":"publish","type":"product","link":"https:\/\/www.sinpeks.com\/rs\/p\/vibro-ploca-60kg-epct656002-emtop\/","title":{"rendered":"Vibro plo\u010da 60kg EPCT656002 Emtop"},"content":{"rendered":"<p>Vibro plo\u010da sa sna\u017enim benzinskim motorom od 4,8kW (6,5KS).<\/p>\n","protected":false},"excerpt":{"rendered":"<p>Vibro plo\u010da sa sna\u017enim benzinskim motorom od 4,8kW (6,5KS).<\/p>\n","protected":false},"featured_media":17153,"comment_status":"open","ping_status":"closed","template":"","meta":{"_acf_changed":false},"product_cat":[5293,148],"product_tag":[],"class_list":{"0":"post-12657","1":"product","2":"type-product","3":"status-publish","4":"has-post-thumbnail","6":"product_cat-emtop-akcija","7":"product_cat-vibro-ploce","8":"product_shipping_class-alati-masine-makedonija","9":"pa_b-emtop","10":"pa_market-ba","11":"pa_market-mk","12":"pa_market-rs","13":"pa_snaga-motora-6-5-ks","15":"first","16":"instock","17":"sale","18":"taxable","19":"shipping-taxable","20":"purchasable","21":"product-type-simple"},"acf":[],"seolaxy_ctr_woo_product_custom_meta_description_content":"","_links":{"self":[{"href":"https:\/\/www.sinpeks.com\/rs\/wp-json\/wp\/v2\/product\/12657","targetHints":{"allow":["GET"]}}],"collection":[{"href":"https:\/\/www.sinpeks.com\/rs\/wp-json\/wp\/v2\/product"}],"about":[{"href":"https:\/\/www.sinpeks.com\/rs\/wp-json\/wp\/v2\/types\/product"}],"replies":[{"embeddable":true,"href":"https:\/\/www.sinpeks.com\/rs\/wp-json\/wp\/v2\/comments?post=12657"}],"wp:featuredmedia":[{"embeddable":true,"href":"https:\/\/www.sinpeks.com\/rs\/wp-json\/wp\/v2\/media\/17153"}],"wp:attachment":[{"href":"https:\/\/www.sinpeks.com\/rs\/wp-json\/wp\/v2\/media?parent=12657"}],"wp:term":[{"taxonomy":"product_cat","embeddable":true,"href":"https:\/\/www.sinpeks.com\/rs\/wp-json\/wp\/v2\/product_cat?post=12657"},{"taxonomy":"product_tag","embeddable":true,"href":"https:\/\/www.sinpeks.com\/rs\/wp-json\/wp\/v2\/product_tag?post=12657"}],"curies":[{"name":"wp","href":"https:\/\/api.w.org\/{rel}","templated":true}]}}