{"id":12656,"date":"2024-11-19T19:46:30","date_gmt":"2024-11-19T19:46:30","guid":{"rendered":"https:\/\/www.sinpeks.com\/rs\/p\/reverzibilna-vibro-ploca-lg300-honda-500mm\/"},"modified":"2026-03-20T17:32:08","modified_gmt":"2026-03-20T17:32:08","slug":"reverzibilna-vibro-ploca-lg300-honda-500mm","status":"publish","type":"product","link":"https:\/\/www.sinpeks.com\/rs\/p\/reverzibilna-vibro-ploca-lg300-honda-500mm\/","title":{"rendered":"Reverzibilna vibro plo\u010da LG300 Honda 500mm"},"content":{"rendered":"<p>LG 300 je kompaktna, lagana, ali mo\u0107na reverzibilna plo\u010da razvijena za manje poslove kao \u0161to su prilazi i trotoari, projekti privatnih ku\u0107a i uska gradili\u0161ta. Idealna ma\u0161ina za upotrebu kada su makadamske povr\u0161ine tanje i kada vam je potrebno okretno i brzo rukovanje. Honda GKS270 benzinski motor smanjuje potro\u0161nju goriva i emisije, dok kvalitetne komponente smanjuju vibracije. Opremljen je izdr\u017eljivom donjom plo\u010dom od Hardok 400 \u010delika.<\/p>\n","protected":false},"excerpt":{"rendered":"<p>LG 300 je kompaktna, lagana, ali mo\u0107na reverzibilna plo\u010da razvijena za manje poslove kao \u0161to su prilazi i trotoari, projekti privatnih ku\u0107a i uska gradili\u0161ta. Idealna ma\u0161ina za upotrebu kada su makadamske povr\u0161ine tanje i kada vam je potrebno okretno i brzo rukovanje. Honda GKS270 benzinski motor smanjuje potro\u0161nju goriva i emisije, dok kvalitetne komponente [&hellip;]<\/p>\n","protected":false},"featured_media":17154,"comment_status":"open","ping_status":"closed","template":"","meta":{"_acf_changed":false},"product_cat":[148],"product_tag":[],"class_list":{"0":"post-12656","1":"product","2":"type-product","3":"status-publish","4":"has-post-thumbnail","6":"product_cat-vibro-ploce","7":"product_shipping_class-ostale-kategorije-makedonija","8":"pa_b-husqvarna","9":"pa_market-ba","10":"pa_market-mk","11":"pa_market-rs","12":"pa_snaga-motora-8-5-ks","14":"first","15":"outofstock","16":"taxable","17":"shipping-taxable","18":"purchasable","19":"product-type-simple"},"acf":[],"seolaxy_ctr_woo_product_custom_meta_description_content":"","_links":{"self":[{"href":"https:\/\/www.sinpeks.com\/rs\/wp-json\/wp\/v2\/product\/12656","targetHints":{"allow":["GET"]}}],"collection":[{"href":"https:\/\/www.sinpeks.com\/rs\/wp-json\/wp\/v2\/product"}],"about":[{"href":"https:\/\/www.sinpeks.com\/rs\/wp-json\/wp\/v2\/types\/product"}],"replies":[{"embeddable":true,"href":"https:\/\/www.sinpeks.com\/rs\/wp-json\/wp\/v2\/comments?post=12656"}],"wp:featuredmedia":[{"embeddable":true,"href":"https:\/\/www.sinpeks.com\/rs\/wp-json\/wp\/v2\/media\/17154"}],"wp:attachment":[{"href":"https:\/\/www.sinpeks.com\/rs\/wp-json\/wp\/v2\/media?parent=12656"}],"wp:term":[{"taxonomy":"product_cat","embeddable":true,"href":"https:\/\/www.sinpeks.com\/rs\/wp-json\/wp\/v2\/product_cat?post=12656"},{"taxonomy":"product_tag","embeddable":true,"href":"https:\/\/www.sinpeks.com\/rs\/wp-json\/wp\/v2\/product_tag?post=12656"}],"curies":[{"name":"wp","href":"https:\/\/api.w.org\/{rel}","templated":true}]}}