{"id":12655,"date":"2024-11-19T19:46:29","date_gmt":"2024-11-19T19:46:29","guid":{"rendered":"https:\/\/www.sinpeks.com\/rs\/p\/reverzibilna-vibro-ploca-apr-30-50\/"},"modified":"2026-03-19T08:18:31","modified_gmt":"2026-03-19T08:18:31","slug":"reverzibilna-vibro-ploca-apr-30-50","status":"publish","type":"product","link":"https:\/\/www.sinpeks.com\/rs\/p\/reverzibilna-vibro-ploca-apr-30-50\/","title":{"rendered":"Reverzibilna vibro plo\u010da APR 30\/50"},"content":{"rendered":"<p>Reverzibilna vibro plo\u010da AMMAN APR 30\/50 ima radnu \u0161irinu od 500 mm i centrifugalnu silu od 32 kN. Sistem tako\u0111e obezbe\u0111uje zna\u010dajnu snagu napred radi pobolj\u0161anja produktivnosti u zahtevnim materijalima i na strmim povr\u0161inama. Plo\u010da je kompletirana sa transportnim to\u010dkovima.<\/p>\n","protected":false},"excerpt":{"rendered":"<p>Reverzibilna vibro plo\u010da AMMAN APR 30\/50 ima radnu \u0161irinu od 500 mm i centrifugalnu silu od 32 kN. Sistem tako\u0111e obezbe\u0111uje zna\u010dajnu snagu napred radi pobolj\u0161anja produktivnosti u zahtevnim materijalima i na strmim povr\u0161inama. Plo\u010da je kompletirana sa transportnim to\u010dkovima.<\/p>\n","protected":false},"featured_media":17156,"comment_status":"open","ping_status":"closed","template":"","meta":{"_acf_changed":false},"product_cat":[148],"product_tag":[],"class_list":{"0":"post-12655","1":"product","2":"type-product","3":"status-publish","4":"has-post-thumbnail","6":"product_cat-vibro-ploce","7":"product_shipping_class-ostale-kategorije-makedonija","8":"pa_b-ammann","9":"pa_market-ba","10":"pa_market-mk","11":"pa_market-rs","12":"pa_snaga-motora-6-ks","14":"first","15":"outofstock","16":"sale","17":"taxable","18":"shipping-taxable","19":"purchasable","20":"product-type-simple"},"acf":[],"seolaxy_ctr_woo_product_custom_meta_description_content":"","_links":{"self":[{"href":"https:\/\/www.sinpeks.com\/rs\/wp-json\/wp\/v2\/product\/12655","targetHints":{"allow":["GET"]}}],"collection":[{"href":"https:\/\/www.sinpeks.com\/rs\/wp-json\/wp\/v2\/product"}],"about":[{"href":"https:\/\/www.sinpeks.com\/rs\/wp-json\/wp\/v2\/types\/product"}],"replies":[{"embeddable":true,"href":"https:\/\/www.sinpeks.com\/rs\/wp-json\/wp\/v2\/comments?post=12655"}],"wp:featuredmedia":[{"embeddable":true,"href":"https:\/\/www.sinpeks.com\/rs\/wp-json\/wp\/v2\/media\/17156"}],"wp:attachment":[{"href":"https:\/\/www.sinpeks.com\/rs\/wp-json\/wp\/v2\/media?parent=12655"}],"wp:term":[{"taxonomy":"product_cat","embeddable":true,"href":"https:\/\/www.sinpeks.com\/rs\/wp-json\/wp\/v2\/product_cat?post=12655"},{"taxonomy":"product_tag","embeddable":true,"href":"https:\/\/www.sinpeks.com\/rs\/wp-json\/wp\/v2\/product_tag?post=12655"}],"curies":[{"name":"wp","href":"https:\/\/api.w.org\/{rel}","templated":true}]}}