{"id":12651,"date":"2024-11-19T19:46:27","date_gmt":"2024-11-19T19:46:27","guid":{"rendered":"https:\/\/www.sinpeks.com\/rs\/p\/vibrirajuca-zaba-lt6005\/"},"modified":"2026-01-13T11:49:30","modified_gmt":"2026-01-13T11:49:30","slug":"vibrirajuca-zaba-lt6005","status":"publish","type":"product","link":"https:\/\/www.sinpeks.com\/rs\/p\/vibrirajuca-zaba-lt6005\/","title":{"rendered":"Vibriraju\u0107a \u017eaba LT6005"},"content":{"rendered":"<p>LT 6005 je dobro izbalansiran i sna\u017ean buldo\u017eer, razvijen za efikasno sabijanje zrnastog i kohezivnog zemlji\u0161ta kao \u0161to su glina i mulj. Idealno za sabijanje u rovovima ili drugim uskim prostorima kao \u0161to su oko stubova i cevi. Opremljen je najnovijim motorom Honda GKSR120, koji je specijalno dizajniran za ovu vrstu ma\u0161ina. LT6005 Vibriraju\u0107a \u017eaba nudi odli\u010dnu kontrolu, nizak nivo buke i niske emisije.<\/p>\n","protected":false},"excerpt":{"rendered":"<p>LT 6005 je dobro izbalansiran i sna\u017ean buldo\u017eer, razvijen za efikasno sabijanje zrnastog i kohezivnog zemlji\u0161ta kao \u0161to su glina i mulj. Idealno za sabijanje u rovovima ili drugim uskim prostorima kao \u0161to su oko stubova i cevi. Opremljen je najnovijim motorom Honda GKSR120, koji je specijalno dizajniran za ovu vrstu ma\u0161ina. LT6005 Vibriraju\u0107a \u017eaba [&hellip;]<\/p>\n","protected":false},"featured_media":17160,"comment_status":"open","ping_status":"closed","template":"","meta":{"_acf_changed":false},"product_cat":[153],"product_tag":[],"class_list":{"0":"post-12651","1":"product","2":"type-product","3":"status-publish","4":"has-post-thumbnail","6":"product_cat-vibro-zabe","7":"product_shipping_class-ostale-kategorije-makedonija","8":"pa_b-husqvarna","9":"pa_market-ba","10":"pa_market-mk","11":"pa_market-rs","12":"pa_snaga-motora-3-5-ks","13":"pa_velicina-radne-ploce-280x230-mm","15":"first","16":"outofstock","17":"sale","18":"taxable","19":"shipping-taxable","20":"purchasable","21":"product-type-simple"},"acf":[],"seolaxy_ctr_woo_product_custom_meta_description_content":"","_links":{"self":[{"href":"https:\/\/www.sinpeks.com\/rs\/wp-json\/wp\/v2\/product\/12651","targetHints":{"allow":["GET"]}}],"collection":[{"href":"https:\/\/www.sinpeks.com\/rs\/wp-json\/wp\/v2\/product"}],"about":[{"href":"https:\/\/www.sinpeks.com\/rs\/wp-json\/wp\/v2\/types\/product"}],"replies":[{"embeddable":true,"href":"https:\/\/www.sinpeks.com\/rs\/wp-json\/wp\/v2\/comments?post=12651"}],"wp:featuredmedia":[{"embeddable":true,"href":"https:\/\/www.sinpeks.com\/rs\/wp-json\/wp\/v2\/media\/17160"}],"wp:attachment":[{"href":"https:\/\/www.sinpeks.com\/rs\/wp-json\/wp\/v2\/media?parent=12651"}],"wp:term":[{"taxonomy":"product_cat","embeddable":true,"href":"https:\/\/www.sinpeks.com\/rs\/wp-json\/wp\/v2\/product_cat?post=12651"},{"taxonomy":"product_tag","embeddable":true,"href":"https:\/\/www.sinpeks.com\/rs\/wp-json\/wp\/v2\/product_tag?post=12651"}],"curies":[{"name":"wp","href":"https:\/\/api.w.org\/{rel}","templated":true}]}}