{"id":12649,"date":"2024-11-19T19:46:26","date_gmt":"2024-11-19T19:46:26","guid":{"rendered":"https:\/\/www.sinpeks.com\/rs\/p\/vibro-zaba-ds70i-prof\/"},"modified":"2026-04-17T08:10:05","modified_gmt":"2026-04-17T08:10:05","slug":"vibro-zaba-ds70i-prof","status":"publish","type":"product","link":"https:\/\/www.sinpeks.com\/rs\/p\/vibro-zaba-ds70i-prof\/","title":{"rendered":"Vibro \u017eaba DS70I &#8211; Prof."},"content":{"rendered":"<p>Wacker Neuson dizel vibriraju\u0107a \u017eaba upotpunjuje va\u0161u dizel flotu. DS70 je dobro izbalansirana ma\u0161ina sa niskim emisijama CO i kompaktnim dimenzijama. Idealno za sabijanje kohezivnih, me\u0161ovitih i zrnastih tla.<\/p>\n","protected":false},"excerpt":{"rendered":"<p>Wacker Neuson dizel vibriraju\u0107a \u017eaba upotpunjuje va\u0161u dizel flotu. DS70 je dobro izbalansirana ma\u0161ina sa niskim emisijama CO i kompaktnim dimenzijama. Idealno za sabijanje kohezivnih, me\u0161ovitih i zrnastih tla.<\/p>\n","protected":false},"featured_media":17161,"comment_status":"open","ping_status":"closed","template":"","meta":{"_acf_changed":false},"product_cat":[153],"product_tag":[],"class_list":{"0":"post-12649","1":"product","2":"type-product","3":"status-publish","4":"has-post-thumbnail","6":"product_cat-vibro-zabe","7":"product_shipping_class-ostale-kategorije-makedonija","8":"pa_b-wacker-neuson","9":"pa_gorivo-dizel","10":"pa_market-ba","11":"pa_market-mk","12":"pa_market-rs","13":"pa_snaga-motora-4-2-ks","14":"pa_velicina-radne-ploce-330x340-mm","16":"first","17":"instock","18":"sale","19":"taxable","20":"shipping-taxable","21":"purchasable","22":"product-type-simple"},"acf":[],"seolaxy_ctr_woo_product_custom_meta_description_content":"","_links":{"self":[{"href":"https:\/\/www.sinpeks.com\/rs\/wp-json\/wp\/v2\/product\/12649","targetHints":{"allow":["GET"]}}],"collection":[{"href":"https:\/\/www.sinpeks.com\/rs\/wp-json\/wp\/v2\/product"}],"about":[{"href":"https:\/\/www.sinpeks.com\/rs\/wp-json\/wp\/v2\/types\/product"}],"replies":[{"embeddable":true,"href":"https:\/\/www.sinpeks.com\/rs\/wp-json\/wp\/v2\/comments?post=12649"}],"wp:featuredmedia":[{"embeddable":true,"href":"https:\/\/www.sinpeks.com\/rs\/wp-json\/wp\/v2\/media\/17161"}],"wp:attachment":[{"href":"https:\/\/www.sinpeks.com\/rs\/wp-json\/wp\/v2\/media?parent=12649"}],"wp:term":[{"taxonomy":"product_cat","embeddable":true,"href":"https:\/\/www.sinpeks.com\/rs\/wp-json\/wp\/v2\/product_cat?post=12649"},{"taxonomy":"product_tag","embeddable":true,"href":"https:\/\/www.sinpeks.com\/rs\/wp-json\/wp\/v2\/product_tag?post=12649"}],"curies":[{"name":"wp","href":"https:\/\/api.w.org\/{rel}","templated":true}]}}