{"id":12647,"date":"2024-11-19T19:46:25","date_gmt":"2024-11-19T19:46:25","guid":{"rendered":"https:\/\/www.sinpeks.com\/rs\/p\/utovarac-hmk-640-wl\/"},"modified":"2026-01-13T12:36:20","modified_gmt":"2026-01-13T12:36:20","slug":"utovarac-hmk-640-wl","status":"publish","type":"product","link":"https:\/\/www.sinpeks.com\/rs\/p\/utovarac-hmk-640-wl\/","title":{"rendered":"Utovara\u010d HMK 640 WL"},"content":{"rendered":"<p>HMK 640 VL, koji ima radnu te\u017einu od 26,3 tone i kapacitet ka\u0161ike od 4,2 m\u00b3, sa svojim Mercedes motorom od 324 KS i obrtnim momentom od 1600 Nm omoguc\u0301ava korisniku visoku nosivost uz nisku potro\u0161nju goriva u kratkom ciklusu. HMK 640 VL utovariva\u010d za te\u0161ka opterec\u0301enja pru\u017ea veliku silu lomljenja i odli\u010dnu sposobnost upravljanja. Nudi izdr\u017eljivost i efikasnost dugi niz godina sa svojim osovinama i komponentama koje se posebno koriste za zahtevne uslove rada. Sa svojom ergonomskom kabinom operatera sa ROPS \/ FOPS sertifikatima, udobnost i visoka sigurnost su prioritet. Nadalje; pru\u017ea lako servisiranje sa svojom funkcijom naginjanja od 35 stepeni. Utovariva\u010d na to\u010dkovima HMK 640 VL, nudi visoku produktivnost i efikasnost u oblastima kao \u0161to su rad u kamenolomima, \u0161ljun\u010danim, rudarskim i betonskim postrojenjima. Utovariva\u010d na to\u010dkovima HMK 640 VL, koji je osvojio me\u0111unarodne nagrade za dizajn kao \u0161to su Reddot Avard, German Design Avard, Good Design and Automotive Brand Contest, \u010desto se koristi u rudarstvu i kamenolomima, betonskim postrojenjima i industrijskim aplikacijama.<\/p>\n","protected":false},"excerpt":{"rendered":"<p>HMK 640 VL, koji ima radnu te\u017einu od 26,3 tone i kapacitet ka\u0161ike od 4,2 m\u00b3, sa svojim Mercedes motorom od 324 KS i obrtnim momentom od 1600 Nm omoguc\u0301ava korisniku visoku nosivost uz nisku potro\u0161nju goriva u kratkom ciklusu. HMK 640 VL utovariva\u010d za te\u0161ka opterec\u0301enja pru\u017ea veliku silu lomljenja i odli\u010dnu sposobnost upravljanja. [&hellip;]<\/p>\n","protected":false},"featured_media":16132,"comment_status":"open","ping_status":"closed","template":"","meta":{"_acf_changed":false},"product_cat":[2226],"product_tag":[],"class_list":{"0":"post-12647","1":"product","2":"type-product","3":"status-publish","4":"has-post-thumbnail","6":"product_cat-utovarivaci","7":"product_shipping_class-ostale-kategorije-makedonija","8":"pa_b-hidromek","9":"pa_korpa-42-m3","10":"pa_market-ba","11":"pa_market-mk","12":"pa_market-rs","13":"pa_snaga-motora-321-ks","14":"pa_vrsta-podvozja-tockasi","16":"first","17":"outofstock","18":"taxable","19":"shipping-taxable","20":"purchasable","21":"product-type-simple"},"acf":[],"seolaxy_ctr_woo_product_custom_meta_description_content":"","_links":{"self":[{"href":"https:\/\/www.sinpeks.com\/rs\/wp-json\/wp\/v2\/product\/12647","targetHints":{"allow":["GET"]}}],"collection":[{"href":"https:\/\/www.sinpeks.com\/rs\/wp-json\/wp\/v2\/product"}],"about":[{"href":"https:\/\/www.sinpeks.com\/rs\/wp-json\/wp\/v2\/types\/product"}],"replies":[{"embeddable":true,"href":"https:\/\/www.sinpeks.com\/rs\/wp-json\/wp\/v2\/comments?post=12647"}],"wp:featuredmedia":[{"embeddable":true,"href":"https:\/\/www.sinpeks.com\/rs\/wp-json\/wp\/v2\/media\/16132"}],"wp:attachment":[{"href":"https:\/\/www.sinpeks.com\/rs\/wp-json\/wp\/v2\/media?parent=12647"}],"wp:term":[{"taxonomy":"product_cat","embeddable":true,"href":"https:\/\/www.sinpeks.com\/rs\/wp-json\/wp\/v2\/product_cat?post=12647"},{"taxonomy":"product_tag","embeddable":true,"href":"https:\/\/www.sinpeks.com\/rs\/wp-json\/wp\/v2\/product_tag?post=12647"}],"curies":[{"name":"wp","href":"https:\/\/api.w.org\/{rel}","templated":true}]}}