{"id":12646,"date":"2024-11-19T19:46:24","date_gmt":"2024-11-19T19:46:24","guid":{"rendered":"https:\/\/www.sinpeks.com\/rs\/p\/utovarac-hmk-635-wl\/"},"modified":"2026-01-13T12:36:20","modified_gmt":"2026-01-13T12:36:20","slug":"utovarac-hmk-635-wl","status":"publish","type":"product","link":"https:\/\/www.sinpeks.com\/rs\/p\/utovarac-hmk-635-wl\/","title":{"rendered":"Utovara\u010d HMK 635 WL"},"content":{"rendered":"<p>HMK 635 VL u potpunosti ispunjava o\u010dekivanja svojih korisnika sa karakteristikama kao \u0161to su visoke performanse, svestranost, udobnost rukovaoca i bezbednost. Utovariva\u010d na to\u010dkovima HMK 635 VL se obi\u010dno koristi u kamenolomima i fabrikama betona, za industrijsku primenu, javne usluge i u mnogim poljima sa razli\u010ditim priklju\u010dnim ure\u0111ajima koji pru\u017eaju produktivne i efikasne moguc\u0301nosti rada. Utovariva\u010d za te\u0161ke uslove rada HMK 635 VL nudi veliku snagu lomljenja i odli\u010dnu sposobnost kontrole u \u200b\u200bte\u0161kim radnim podru\u010djima.<\/p>\n","protected":false},"excerpt":{"rendered":"<p>HMK 635 VL u potpunosti ispunjava o\u010dekivanja svojih korisnika sa karakteristikama kao \u0161to su visoke performanse, svestranost, udobnost rukovaoca i bezbednost. Utovariva\u010d na to\u010dkovima HMK 635 VL se obi\u010dno koristi u kamenolomima i fabrikama betona, za industrijsku primenu, javne usluge i u mnogim poljima sa razli\u010ditim priklju\u010dnim ure\u0111ajima koji pru\u017eaju produktivne i efikasne moguc\u0301nosti rada. [&hellip;]<\/p>\n","protected":false},"featured_media":16129,"comment_status":"open","ping_status":"closed","template":"","meta":{"_acf_changed":false},"product_cat":[2226],"product_tag":[],"class_list":{"0":"post-12646","1":"product","2":"type-product","3":"status-publish","4":"has-post-thumbnail","6":"product_cat-utovarivaci","7":"product_shipping_class-ostale-kategorije-makedonija","8":"pa_b-hidromek","9":"pa_korpa-35-m3","10":"pa_market-ba","11":"pa_market-mk","12":"pa_market-rs","13":"pa_snaga-motora-282-ks","14":"pa_vrsta-podvozja-tockasi","16":"first","17":"outofstock","18":"taxable","19":"shipping-taxable","20":"purchasable","21":"product-type-simple"},"acf":[],"seolaxy_ctr_woo_product_custom_meta_description_content":"","_links":{"self":[{"href":"https:\/\/www.sinpeks.com\/rs\/wp-json\/wp\/v2\/product\/12646","targetHints":{"allow":["GET"]}}],"collection":[{"href":"https:\/\/www.sinpeks.com\/rs\/wp-json\/wp\/v2\/product"}],"about":[{"href":"https:\/\/www.sinpeks.com\/rs\/wp-json\/wp\/v2\/types\/product"}],"replies":[{"embeddable":true,"href":"https:\/\/www.sinpeks.com\/rs\/wp-json\/wp\/v2\/comments?post=12646"}],"wp:featuredmedia":[{"embeddable":true,"href":"https:\/\/www.sinpeks.com\/rs\/wp-json\/wp\/v2\/media\/16129"}],"wp:attachment":[{"href":"https:\/\/www.sinpeks.com\/rs\/wp-json\/wp\/v2\/media?parent=12646"}],"wp:term":[{"taxonomy":"product_cat","embeddable":true,"href":"https:\/\/www.sinpeks.com\/rs\/wp-json\/wp\/v2\/product_cat?post=12646"},{"taxonomy":"product_tag","embeddable":true,"href":"https:\/\/www.sinpeks.com\/rs\/wp-json\/wp\/v2\/product_tag?post=12646"}],"curies":[{"name":"wp","href":"https:\/\/api.w.org\/{rel}","templated":true}]}}