{"id":12645,"date":"2024-11-19T19:46:23","date_gmt":"2024-11-19T19:46:23","guid":{"rendered":"https:\/\/www.sinpeks.com\/rs\/p\/utovarivac-liebherr-l550\/"},"modified":"2026-04-03T06:13:31","modified_gmt":"2026-04-03T06:13:31","slug":"utovarivac-liebherr-l550","status":"publish","type":"product","link":"https:\/\/www.sinpeks.com\/rs\/p\/utovarivac-liebherr-l550\/","title":{"rendered":"Utovariva\u010d LIEBHERR L550"},"content":{"rendered":"<p>Moc\u0301ni Liebherr utovariva\u010di na to\u010dkovima su impresivno produktivni u svim vrstama primene. Optimizovane varijante kraka za podizanje i \u0161irok spektar opreme \u010dine ih posebno raznovrsnim i univerzalnim za raspore\u0111ivanje.<\/p>\n","protected":false},"excerpt":{"rendered":"<p>Moc\u0301ni Liebherr utovariva\u010di na to\u010dkovima su impresivno produktivni u svim vrstama primene. Optimizovane varijante kraka za podizanje i \u0161irok spektar opreme \u010dine ih posebno raznovrsnim i univerzalnim za raspore\u0111ivanje.<\/p>\n","protected":false},"featured_media":16125,"comment_status":"open","ping_status":"closed","template":"","meta":{"_acf_changed":false},"product_cat":[2226],"product_tag":[],"class_list":{"0":"post-12645","1":"product","2":"type-product","3":"status-publish","4":"has-post-thumbnail","6":"product_cat-utovarivaci","7":"product_shipping_class-ostale-kategorije-makedonija","8":"pa_b-liebherr","9":"pa_korpa-36-m3","10":"pa_market-ba","11":"pa_market-mk","12":"pa_market-rs","13":"pa_max-nosivost-utovaraca-12430-kg","14":"pa_snaga-motora-219-ks","15":"pa_vrsta-podvozja-tockasi","17":"first","18":"instock","19":"sale","20":"taxable","21":"shipping-taxable","22":"purchasable","23":"product-type-simple"},"acf":[],"seolaxy_ctr_woo_product_custom_meta_description_content":"","_links":{"self":[{"href":"https:\/\/www.sinpeks.com\/rs\/wp-json\/wp\/v2\/product\/12645","targetHints":{"allow":["GET"]}}],"collection":[{"href":"https:\/\/www.sinpeks.com\/rs\/wp-json\/wp\/v2\/product"}],"about":[{"href":"https:\/\/www.sinpeks.com\/rs\/wp-json\/wp\/v2\/types\/product"}],"replies":[{"embeddable":true,"href":"https:\/\/www.sinpeks.com\/rs\/wp-json\/wp\/v2\/comments?post=12645"}],"wp:featuredmedia":[{"embeddable":true,"href":"https:\/\/www.sinpeks.com\/rs\/wp-json\/wp\/v2\/media\/16125"}],"wp:attachment":[{"href":"https:\/\/www.sinpeks.com\/rs\/wp-json\/wp\/v2\/media?parent=12645"}],"wp:term":[{"taxonomy":"product_cat","embeddable":true,"href":"https:\/\/www.sinpeks.com\/rs\/wp-json\/wp\/v2\/product_cat?post=12645"},{"taxonomy":"product_tag","embeddable":true,"href":"https:\/\/www.sinpeks.com\/rs\/wp-json\/wp\/v2\/product_tag?post=12645"}],"curies":[{"name":"wp","href":"https:\/\/api.w.org\/{rel}","templated":true}]}}