{"id":12644,"date":"2024-11-19T19:46:23","date_gmt":"2024-11-19T19:46:23","guid":{"rendered":"https:\/\/www.sinpeks.com\/rs\/p\/utovarivac-gehl-r135-stage-v\/"},"modified":"2026-01-13T11:57:38","modified_gmt":"2026-01-13T11:57:38","slug":"utovarivac-gehl-r135-stage-v","status":"publish","type":"product","link":"https:\/\/www.sinpeks.com\/rs\/p\/utovarivac-gehl-r135-stage-v\/","title":{"rendered":"Utovariva\u010d GEHL R135 (Stage V)"},"content":{"rendered":"<p>Ova nova verzija R135 je prepuna intuitivnih kontrola i dizajnirana za udobnost, poma\u017euc\u0301i da se smanji zamor operatera tokom dugih dana na poslu. Kontrole sa malim naporom ote\u017eavaju te\u0161ke poslove, a sedi\u0161te za vazdu\u0161nu vo\u017enju zajedno sa drugim opcionim funkcijama zna\u010di da c\u0301ete se vratiti kuc\u0301i na kraju te\u0161kog dana bez osec\u0301aja kao da vas je udarila tona cigli.<\/p>\n","protected":false},"excerpt":{"rendered":"<p>Ova nova verzija R135 je prepuna intuitivnih kontrola i dizajnirana za udobnost, poma\u017euc\u0301i da se smanji zamor operatera tokom dugih dana na poslu. Kontrole sa malim naporom ote\u017eavaju te\u0161ke poslove, a sedi\u0161te za vazdu\u0161nu vo\u017enju zajedno sa drugim opcionim funkcijama zna\u010di da c\u0301ete se vratiti kuc\u0301i na kraju te\u0161kog dana bez osec\u0301aja kao da vas [&hellip;]<\/p>\n","protected":false},"featured_media":16121,"comment_status":"open","ping_status":"closed","template":"","meta":{"_acf_changed":false},"product_cat":[2226],"product_tag":[],"class_list":{"0":"post-12644","1":"product","2":"type-product","3":"status-publish","4":"has-post-thumbnail","6":"product_cat-utovarivaci","7":"product_shipping_class-ostale-kategorije-makedonija","8":"pa_b-gehl","9":"pa_korpa-035-m3","10":"pa_market-ba","11":"pa_market-mk","12":"pa_market-rs","13":"pa_max-nosivost-utovaraca-612-kg","14":"pa_snaga-motora-46ks","15":"pa_vrsta-podvozja-tockasi","17":"first","18":"outofstock","19":"taxable","20":"shipping-taxable","21":"purchasable","22":"product-type-simple"},"acf":[],"seolaxy_ctr_woo_product_custom_meta_description_content":"","_links":{"self":[{"href":"https:\/\/www.sinpeks.com\/rs\/wp-json\/wp\/v2\/product\/12644","targetHints":{"allow":["GET"]}}],"collection":[{"href":"https:\/\/www.sinpeks.com\/rs\/wp-json\/wp\/v2\/product"}],"about":[{"href":"https:\/\/www.sinpeks.com\/rs\/wp-json\/wp\/v2\/types\/product"}],"replies":[{"embeddable":true,"href":"https:\/\/www.sinpeks.com\/rs\/wp-json\/wp\/v2\/comments?post=12644"}],"wp:featuredmedia":[{"embeddable":true,"href":"https:\/\/www.sinpeks.com\/rs\/wp-json\/wp\/v2\/media\/16121"}],"wp:attachment":[{"href":"https:\/\/www.sinpeks.com\/rs\/wp-json\/wp\/v2\/media?parent=12644"}],"wp:term":[{"taxonomy":"product_cat","embeddable":true,"href":"https:\/\/www.sinpeks.com\/rs\/wp-json\/wp\/v2\/product_cat?post=12644"},{"taxonomy":"product_tag","embeddable":true,"href":"https:\/\/www.sinpeks.com\/rs\/wp-json\/wp\/v2\/product_tag?post=12644"}],"curies":[{"name":"wp","href":"https:\/\/api.w.org\/{rel}","templated":true}]}}