{"id":12643,"date":"2024-11-19T19:46:22","date_gmt":"2024-11-19T19:46:22","guid":{"rendered":"https:\/\/www.sinpeks.com\/rs\/p\/utovarivac-liebherr-l538\/"},"modified":"2026-01-13T11:55:36","modified_gmt":"2026-01-13T11:55:36","slug":"utovarivac-liebherr-l538","status":"publish","type":"product","link":"https:\/\/www.sinpeks.com\/rs\/p\/utovarivac-liebherr-l538\/","title":{"rendered":"Utovariva\u010d LIEBHERR L538"},"content":{"rendered":"<p>Utovariva\u010d na to\u010dkovima L538 pripada novoj generaciji utovariva\u010da srednje veli\u010dine, koji se naj\u010de\u0161c\u0301e nazivaju utiliti size.Utovariva\u010di ove veli\u010dine su veoma raznovrsne ma\u0161ine pogodne za mno\u0161tvo aplikacija. Mogu se koristiti u tradicionalnom kapacitetu, za skladi\u0161tenje ili preme\u0161tanje zemlje\/materijala, ili se mogu koristiti za rukovanje svim vrstama gra\u0111evinskog materijala kori\u0161c\u0301enjem razli\u010ditih dodataka.<\/p>\n","protected":false},"excerpt":{"rendered":"<p>Utovariva\u010d na to\u010dkovima L538 pripada novoj generaciji utovariva\u010da srednje veli\u010dine, koji se naj\u010de\u0161c\u0301e nazivaju utiliti size.Utovariva\u010di ove veli\u010dine su veoma raznovrsne ma\u0161ine pogodne za mno\u0161tvo aplikacija. Mogu se koristiti u tradicionalnom kapacitetu, za skladi\u0161tenje ili preme\u0161tanje zemlje\/materijala, ili se mogu koristiti za rukovanje svim vrstama gra\u0111evinskog materijala kori\u0161c\u0301enjem razli\u010ditih dodataka.<\/p>\n","protected":false},"featured_media":16118,"comment_status":"open","ping_status":"closed","template":"","meta":{"_acf_changed":false},"product_cat":[2226],"product_tag":[],"class_list":{"0":"post-12643","1":"product","2":"type-product","3":"status-publish","4":"has-post-thumbnail","6":"product_cat-utovarivaci","7":"product_shipping_class-ostale-kategorije-makedonija","8":"pa_b-liebherr","9":"pa_korpa-22-m3","10":"pa_market-ba","11":"pa_market-mk","12":"pa_market-rs","13":"pa_max-nosivost-utovaraca-9500-kg","14":"pa_snaga-motora-141-ks","15":"pa_vrsta-podvozja-tockasi","17":"first","18":"outofstock","19":"taxable","20":"shipping-taxable","21":"purchasable","22":"product-type-simple"},"acf":[],"seolaxy_ctr_woo_product_custom_meta_description_content":"","_links":{"self":[{"href":"https:\/\/www.sinpeks.com\/rs\/wp-json\/wp\/v2\/product\/12643","targetHints":{"allow":["GET"]}}],"collection":[{"href":"https:\/\/www.sinpeks.com\/rs\/wp-json\/wp\/v2\/product"}],"about":[{"href":"https:\/\/www.sinpeks.com\/rs\/wp-json\/wp\/v2\/types\/product"}],"replies":[{"embeddable":true,"href":"https:\/\/www.sinpeks.com\/rs\/wp-json\/wp\/v2\/comments?post=12643"}],"wp:featuredmedia":[{"embeddable":true,"href":"https:\/\/www.sinpeks.com\/rs\/wp-json\/wp\/v2\/media\/16118"}],"wp:attachment":[{"href":"https:\/\/www.sinpeks.com\/rs\/wp-json\/wp\/v2\/media?parent=12643"}],"wp:term":[{"taxonomy":"product_cat","embeddable":true,"href":"https:\/\/www.sinpeks.com\/rs\/wp-json\/wp\/v2\/product_cat?post=12643"},{"taxonomy":"product_tag","embeddable":true,"href":"https:\/\/www.sinpeks.com\/rs\/wp-json\/wp\/v2\/product_tag?post=12643"}],"curies":[{"name":"wp","href":"https:\/\/api.w.org\/{rel}","templated":true}]}}