{"id":12641,"date":"2024-11-19T19:46:21","date_gmt":"2024-11-19T19:46:21","guid":{"rendered":"https:\/\/www.sinpeks.com\/rs\/p\/kombinovani-rovokopac-hidromek-62ss-stage-v\/"},"modified":"2026-01-13T11:00:56","modified_gmt":"2026-01-13T11:00:56","slug":"kombinovani-rovokopac-hidromek-62ss-stage-v","status":"publish","type":"product","link":"https:\/\/www.sinpeks.com\/rs\/p\/kombinovani-rovokopac-hidromek-62ss-stage-v\/","title":{"rendered":"Kombinovani rovokopa\u010d HIDROMEK 62SS (STAGE V)"},"content":{"rendered":"<p>Novi mini kombinovani rovokopa\u010d-utovariva\u010d kompanije HIDROMEK sa preko 35 godina iskustva. HMK 62 SS je dizajniran da nadma\u0161i o\u010dekivanja kupaca; Visoke performanse, svestranost, udobnost i sigurnost HIDROMEK HMK 62 SS pru\u017ea kupcu kompaktnu, pouzdanu i jaku ma\u0161inu \u010dak i u najte\u017eim uslovima i sa dugim radnim vremenom.<\/p>\n","protected":false},"excerpt":{"rendered":"<p>Novi mini kombinovani rovokopa\u010d-utovariva\u010d kompanije HIDROMEK sa preko 35 godina iskustva. HMK 62 SS je dizajniran da nadma\u0161i o\u010dekivanja kupaca; Visoke performanse, svestranost, udobnost i sigurnost HIDROMEK HMK 62 SS pru\u017ea kupcu kompaktnu, pouzdanu i jaku ma\u0161inu \u010dak i u najte\u017eim uslovima i sa dugim radnim vremenom.<\/p>\n","protected":false},"featured_media":17145,"comment_status":"open","ping_status":"closed","template":"","meta":{"_acf_changed":false},"product_cat":[134],"product_tag":[],"class_list":{"0":"post-12641","1":"product","2":"type-product","3":"status-publish","4":"has-post-thumbnail","6":"product_cat-kombinirke","7":"product_shipping_class-ostale-kategorije-makedonija","8":"pa_b-hidromek","9":"pa_market-ba","10":"pa_market-mk","11":"pa_market-rs","12":"pa_max-dubina-kopanja-275-m","13":"pa_max-nosivost-utovaraca-1370-kg","14":"pa_snaga-motora-65-ks","15":"pa_vrsta-podvozja-tockasi","17":"first","18":"outofstock","19":"taxable","20":"shipping-taxable","21":"purchasable","22":"product-type-simple"},"acf":[],"seolaxy_ctr_woo_product_custom_meta_description_content":"","_links":{"self":[{"href":"https:\/\/www.sinpeks.com\/rs\/wp-json\/wp\/v2\/product\/12641","targetHints":{"allow":["GET"]}}],"collection":[{"href":"https:\/\/www.sinpeks.com\/rs\/wp-json\/wp\/v2\/product"}],"about":[{"href":"https:\/\/www.sinpeks.com\/rs\/wp-json\/wp\/v2\/types\/product"}],"replies":[{"embeddable":true,"href":"https:\/\/www.sinpeks.com\/rs\/wp-json\/wp\/v2\/comments?post=12641"}],"wp:featuredmedia":[{"embeddable":true,"href":"https:\/\/www.sinpeks.com\/rs\/wp-json\/wp\/v2\/media\/17145"}],"wp:attachment":[{"href":"https:\/\/www.sinpeks.com\/rs\/wp-json\/wp\/v2\/media?parent=12641"}],"wp:term":[{"taxonomy":"product_cat","embeddable":true,"href":"https:\/\/www.sinpeks.com\/rs\/wp-json\/wp\/v2\/product_cat?post=12641"},{"taxonomy":"product_tag","embeddable":true,"href":"https:\/\/www.sinpeks.com\/rs\/wp-json\/wp\/v2\/product_tag?post=12641"}],"curies":[{"name":"wp","href":"https:\/\/api.w.org\/{rel}","templated":true}]}}