{"id":12640,"date":"2024-11-19T19:46:20","date_gmt":"2024-11-19T19:46:20","guid":{"rendered":"https:\/\/www.sinpeks.com\/rs\/p\/kombinirani-rovokopac-utovarivac-hidromek-hmk-102b\/"},"modified":"2026-04-16T12:12:49","modified_gmt":"2026-04-16T12:12:49","slug":"kombinirani-rovokopac-utovarivac-hidromek-hmk-102b","status":"publish","type":"product","link":"https:\/\/www.sinpeks.com\/rs\/p\/kombinirani-rovokopac-utovarivac-hidromek-hmk-102b\/","title":{"rendered":"Kombinirani rovokopa\u010d-utovariva\u010d HIDROMEK HMK 102B"},"content":{"rendered":"<p>HIDROMEK 102B nove serije K4 su va\u0161i novi pomoc\u0301nici na poslu sa svojim savr\u0161enim performansama kopanja i utovara. Rovokopa\u010di-utovariva\u010di serije K4 koji privla\u010de pa\u017enju svojim inovacijama i vrhunskom tehnologijom nude visoke performanse uz laku i bezbednu upotrebu i udobnu kabinu na polju i u gradu.<\/p>\n","protected":false},"excerpt":{"rendered":"<p>HIDROMEK 102B nove serije K4 su va\u0161i novi pomoc\u0301nici na poslu sa svojim savr\u0161enim performansama kopanja i utovara. Rovokopa\u010di-utovariva\u010di serije K4 koji privla\u010de pa\u017enju svojim inovacijama i vrhunskom tehnologijom nude visoke performanse uz laku i bezbednu upotrebu i udobnu kabinu na polju i u gradu.<\/p>\n","protected":false},"featured_media":17146,"comment_status":"open","ping_status":"closed","template":"","meta":{"_acf_changed":false},"product_cat":[134],"product_tag":[],"class_list":{"0":"post-12640","1":"product","2":"type-product","3":"status-publish","4":"has-post-thumbnail","6":"product_cat-kombinirke","7":"product_shipping_class-ostale-kategorije-makedonija","8":"pa_b-hidromek","9":"pa_market-ba","10":"pa_market-mk","11":"pa_market-rs","12":"pa_max-dubina-kopanja-44-56-m","13":"pa_max-nosivost-utovaraca-4484-kg","14":"pa_snaga-motora-100-ks","15":"pa_vrsta-podvozja-tockasi","17":"first","18":"outofstock","19":"sale","20":"taxable","21":"shipping-taxable","22":"purchasable","23":"product-type-simple"},"acf":[],"seolaxy_ctr_woo_product_custom_meta_description_content":"","_links":{"self":[{"href":"https:\/\/www.sinpeks.com\/rs\/wp-json\/wp\/v2\/product\/12640","targetHints":{"allow":["GET"]}}],"collection":[{"href":"https:\/\/www.sinpeks.com\/rs\/wp-json\/wp\/v2\/product"}],"about":[{"href":"https:\/\/www.sinpeks.com\/rs\/wp-json\/wp\/v2\/types\/product"}],"replies":[{"embeddable":true,"href":"https:\/\/www.sinpeks.com\/rs\/wp-json\/wp\/v2\/comments?post=12640"}],"wp:featuredmedia":[{"embeddable":true,"href":"https:\/\/www.sinpeks.com\/rs\/wp-json\/wp\/v2\/media\/17146"}],"wp:attachment":[{"href":"https:\/\/www.sinpeks.com\/rs\/wp-json\/wp\/v2\/media?parent=12640"}],"wp:term":[{"taxonomy":"product_cat","embeddable":true,"href":"https:\/\/www.sinpeks.com\/rs\/wp-json\/wp\/v2\/product_cat?post=12640"},{"taxonomy":"product_tag","embeddable":true,"href":"https:\/\/www.sinpeks.com\/rs\/wp-json\/wp\/v2\/product_tag?post=12640"}],"curies":[{"name":"wp","href":"https:\/\/api.w.org\/{rel}","templated":true}]}}