{"id":12639,"date":"2024-11-19T19:46:20","date_gmt":"2024-11-19T19:46:20","guid":{"rendered":"https:\/\/www.sinpeks.com\/rs\/p\/buldozer-rudarski-liebherr-pr776\/"},"modified":"2026-01-13T12:36:20","modified_gmt":"2026-01-13T12:36:20","slug":"buldozer-rudarski-liebherr-pr776","status":"publish","type":"product","link":"https:\/\/www.sinpeks.com\/rs\/p\/buldozer-rudarski-liebherr-pr776\/","title":{"rendered":"Buldo\u017eer rudarski Liebherr PR776"},"content":{"rendered":"<p>Rudarska industrija postavlja veoma visoke zahteve za produktivnost i pouzdanost ma\u0161ina i vozila koje koristi. PR 776 savr\u0161eno ispunjava ove zahteve. Njegove komponente su posebno razvijeni za te\u0161ka radna okru\u017eenja. Isto va\u017ei i za njegovu pa\u017eljivo izra\u0111enu tehnologiju, inovacije i detaljna re\u0161enja koja se kombinuju da bi pru\u017eila krajnji nivo operativne raspolo\u017eivosti.<\/p>\n","protected":false},"excerpt":{"rendered":"<p>Rudarska industrija postavlja veoma visoke zahteve za produktivnost i pouzdanost ma\u0161ina i vozila koje koristi. PR 776 savr\u0161eno ispunjava ove zahteve. Njegove komponente su posebno razvijeni za te\u0161ka radna okru\u017eenja. Isto va\u017ei i za njegovu pa\u017eljivo izra\u0111enu tehnologiju, inovacije i detaljna re\u0161enja koja se kombinuju da bi pru\u017eila krajnji nivo operativne raspolo\u017eivosti.<\/p>\n","protected":false},"featured_media":16111,"comment_status":"open","ping_status":"closed","template":"","meta":{"_acf_changed":false},"product_cat":[136],"product_tag":[],"class_list":{"0":"post-12639","1":"product","2":"type-product","3":"status-publish","4":"has-post-thumbnail","6":"product_cat-buldozeri","7":"product_shipping_class-ostale-kategorije-makedonija","8":"pa_b-liebherr","9":"pa_market-ba","10":"pa_market-mk","11":"pa_market-rs","12":"pa_sirina-noza-48-53-m","13":"pa_snaga-motora-598-ks","14":"pa_vrsta-podvozja-gusenicari","16":"first","17":"outofstock","18":"taxable","19":"shipping-taxable","20":"purchasable","21":"product-type-simple"},"acf":[],"seolaxy_ctr_woo_product_custom_meta_description_content":"","_links":{"self":[{"href":"https:\/\/www.sinpeks.com\/rs\/wp-json\/wp\/v2\/product\/12639","targetHints":{"allow":["GET"]}}],"collection":[{"href":"https:\/\/www.sinpeks.com\/rs\/wp-json\/wp\/v2\/product"}],"about":[{"href":"https:\/\/www.sinpeks.com\/rs\/wp-json\/wp\/v2\/types\/product"}],"replies":[{"embeddable":true,"href":"https:\/\/www.sinpeks.com\/rs\/wp-json\/wp\/v2\/comments?post=12639"}],"wp:featuredmedia":[{"embeddable":true,"href":"https:\/\/www.sinpeks.com\/rs\/wp-json\/wp\/v2\/media\/16111"}],"wp:attachment":[{"href":"https:\/\/www.sinpeks.com\/rs\/wp-json\/wp\/v2\/media?parent=12639"}],"wp:term":[{"taxonomy":"product_cat","embeddable":true,"href":"https:\/\/www.sinpeks.com\/rs\/wp-json\/wp\/v2\/product_cat?post=12639"},{"taxonomy":"product_tag","embeddable":true,"href":"https:\/\/www.sinpeks.com\/rs\/wp-json\/wp\/v2\/product_tag?post=12639"}],"curies":[{"name":"wp","href":"https:\/\/api.w.org\/{rel}","templated":true}]}}