{"id":12636,"date":"2024-11-19T19:46:18","date_gmt":"2024-11-19T19:46:18","guid":{"rendered":"https:\/\/www.sinpeks.com\/rs\/p\/buldozer-liebherr-pr726\/"},"modified":"2026-01-13T12:36:20","modified_gmt":"2026-01-13T12:36:20","slug":"buldozer-liebherr-pr726","status":"publish","type":"product","link":"https:\/\/www.sinpeks.com\/rs\/p\/buldozer-liebherr-pr726\/","title":{"rendered":"Buldo\u017eer Liebherr PR726"},"content":{"rendered":"<p>Od deponije do gradili\u0161ta: Novi buldo\u017eer guseni\u010dar \u2013 Generacija 8 dr\u017ei vas \u201eu brzoj traci\u201c. Hidrostati\u010dki pogon uvek pru\u017ea optimalnu brzinu guranja. Sistemi za pomoc\u0301 operateru garantuju maksimalan kvalitet i efikasnost ocenjivanja.<\/p>\n","protected":false},"excerpt":{"rendered":"<p>Od deponije do gradili\u0161ta: Novi buldo\u017eer guseni\u010dar \u2013 Generacija 8 dr\u017ei vas \u201eu brzoj traci\u201c. Hidrostati\u010dki pogon uvek pru\u017ea optimalnu brzinu guranja. Sistemi za pomoc\u0301 operateru garantuju maksimalan kvalitet i efikasnost ocenjivanja.<\/p>\n","protected":false},"featured_media":16104,"comment_status":"open","ping_status":"closed","template":"","meta":{"_acf_changed":false},"product_cat":[136],"product_tag":[],"class_list":{"0":"post-12636","1":"product","2":"type-product","3":"status-publish","4":"has-post-thumbnail","6":"product_cat-buldozeri","7":"product_shipping_class-ostale-kategorije-makedonija","8":"pa_b-liebherr","9":"pa_market-ba","10":"pa_market-mk","11":"pa_market-rs","12":"pa_sirina-noza-33-4-m","13":"pa_snaga-motora-170-ks","14":"pa_vrsta-podvozja-gusenicari","16":"first","17":"outofstock","18":"taxable","19":"shipping-taxable","20":"purchasable","21":"product-type-simple"},"acf":[],"seolaxy_ctr_woo_product_custom_meta_description_content":"","_links":{"self":[{"href":"https:\/\/www.sinpeks.com\/rs\/wp-json\/wp\/v2\/product\/12636","targetHints":{"allow":["GET"]}}],"collection":[{"href":"https:\/\/www.sinpeks.com\/rs\/wp-json\/wp\/v2\/product"}],"about":[{"href":"https:\/\/www.sinpeks.com\/rs\/wp-json\/wp\/v2\/types\/product"}],"replies":[{"embeddable":true,"href":"https:\/\/www.sinpeks.com\/rs\/wp-json\/wp\/v2\/comments?post=12636"}],"wp:featuredmedia":[{"embeddable":true,"href":"https:\/\/www.sinpeks.com\/rs\/wp-json\/wp\/v2\/media\/16104"}],"wp:attachment":[{"href":"https:\/\/www.sinpeks.com\/rs\/wp-json\/wp\/v2\/media?parent=12636"}],"wp:term":[{"taxonomy":"product_cat","embeddable":true,"href":"https:\/\/www.sinpeks.com\/rs\/wp-json\/wp\/v2\/product_cat?post=12636"},{"taxonomy":"product_tag","embeddable":true,"href":"https:\/\/www.sinpeks.com\/rs\/wp-json\/wp\/v2\/product_tag?post=12636"}],"curies":[{"name":"wp","href":"https:\/\/api.w.org\/{rel}","templated":true}]}}