{"id":12635,"date":"2024-11-19T19:46:18","date_gmt":"2024-11-19T19:46:18","guid":{"rendered":"https:\/\/www.sinpeks.com\/rs\/p\/buldozer-liebherr-pr734-4\/"},"modified":"2026-01-13T11:06:59","modified_gmt":"2026-01-13T11:06:59","slug":"buldozer-liebherr-pr734-4","status":"publish","type":"product","link":"https:\/\/www.sinpeks.com\/rs\/p\/buldozer-liebherr-pr734-4\/","title":{"rendered":"Buldo\u017eer Liebherr PR734-4"},"content":{"rendered":"<p>\u010cista snaga i inovativna tehnologija: ovo su obele\u017eja Liebherr buldo\u017eera \u010detvrte generacije. Ubedljiv odnos izme\u0111u te\u017eine praznog vozila i snage motora obezbe\u0111uje maksimalnu produktivnost u svim uslovima. Kod pomeranja materijala PR 734 ubedi svojim odli\u010dnim nastupima.<\/p>\n","protected":false},"excerpt":{"rendered":"<p>\u010cista snaga i inovativna tehnologija: ovo su obele\u017eja Liebherr buldo\u017eera \u010detvrte generacije. Ubedljiv odnos izme\u0111u te\u017eine praznog vozila i snage motora obezbe\u0111uje maksimalnu produktivnost u svim uslovima. Kod pomeranja materijala PR 734 ubedi svojim odli\u010dnim nastupima.<\/p>\n","protected":false},"featured_media":16102,"comment_status":"open","ping_status":"closed","template":"","meta":{"_acf_changed":false},"product_cat":[136],"product_tag":[],"class_list":{"0":"post-12635","1":"product","2":"type-product","3":"status-publish","4":"has-post-thumbnail","6":"product_cat-buldozeri","7":"product_shipping_class-ostale-kategorije-makedonija","8":"pa_b-liebherr","9":"pa_market-ba","10":"pa_market-mk","11":"pa_market-rs","12":"pa_sirina-noza-34-4-m","13":"pa_snaga-motora-204-ks","14":"pa_vrsta-podvozja-gusenicari","16":"first","17":"outofstock","18":"taxable","19":"shipping-taxable","20":"purchasable","21":"product-type-simple"},"acf":[],"seolaxy_ctr_woo_product_custom_meta_description_content":"","_links":{"self":[{"href":"https:\/\/www.sinpeks.com\/rs\/wp-json\/wp\/v2\/product\/12635","targetHints":{"allow":["GET"]}}],"collection":[{"href":"https:\/\/www.sinpeks.com\/rs\/wp-json\/wp\/v2\/product"}],"about":[{"href":"https:\/\/www.sinpeks.com\/rs\/wp-json\/wp\/v2\/types\/product"}],"replies":[{"embeddable":true,"href":"https:\/\/www.sinpeks.com\/rs\/wp-json\/wp\/v2\/comments?post=12635"}],"wp:featuredmedia":[{"embeddable":true,"href":"https:\/\/www.sinpeks.com\/rs\/wp-json\/wp\/v2\/media\/16102"}],"wp:attachment":[{"href":"https:\/\/www.sinpeks.com\/rs\/wp-json\/wp\/v2\/media?parent=12635"}],"wp:term":[{"taxonomy":"product_cat","embeddable":true,"href":"https:\/\/www.sinpeks.com\/rs\/wp-json\/wp\/v2\/product_cat?post=12635"},{"taxonomy":"product_tag","embeddable":true,"href":"https:\/\/www.sinpeks.com\/rs\/wp-json\/wp\/v2\/product_tag?post=12635"}],"curies":[{"name":"wp","href":"https:\/\/api.w.org\/{rel}","templated":true}]}}