{"id":12634,"date":"2024-11-19T19:46:17","date_gmt":"2024-11-19T19:46:17","guid":{"rendered":"https:\/\/www.sinpeks.com\/rs\/p\/vibracioni-valjak-rd7yehf\/"},"modified":"2026-01-13T11:23:09","modified_gmt":"2026-01-13T11:23:09","slug":"vibracioni-valjak-rd7yehf","status":"publish","type":"product","link":"https:\/\/www.sinpeks.com\/rs\/p\/vibracioni-valjak-rd7yehf\/","title":{"rendered":"Vibracioni valjak RD7Yehf"},"content":{"rendered":"<p>Ru\u010dno vo\u0111eni tandem valjak za sabijanje tla i asfalta sa \u010deli\u010dnim okvirom za za\u0161titu motora. Yanmar dizel motor sa elektri\u010dnim starterom.<\/p>\n","protected":false},"excerpt":{"rendered":"<p>Ru\u010dno vo\u0111eni tandem valjak za sabijanje tla i asfalta sa \u010deli\u010dnim okvirom za za\u0161titu motora. Yanmar dizel motor sa elektri\u010dnim starterom.<\/p>\n","protected":false},"featured_media":16098,"comment_status":"open","ping_status":"closed","template":"","meta":{"_acf_changed":false},"product_cat":[159],"product_tag":[],"class_list":{"0":"post-12634","1":"product","2":"type-product","3":"status-publish","4":"has-post-thumbnail","6":"product_cat-vibro-valjci","7":"product_shipping_class-ostale-kategorije-makedonija","8":"pa_b-wacker-neuson","9":"pa_market-ba","10":"pa_market-mk","11":"pa_market-rs","12":"pa_sirina-valjka-650-mm","13":"pa_snaga-motora-9-ks","14":"pa_tip-masine-sa-duplim-bubnjem","16":"first","17":"outofstock","18":"taxable","19":"shipping-taxable","20":"purchasable","21":"product-type-simple"},"acf":[],"seolaxy_ctr_woo_product_custom_meta_description_content":"","_links":{"self":[{"href":"https:\/\/www.sinpeks.com\/rs\/wp-json\/wp\/v2\/product\/12634","targetHints":{"allow":["GET"]}}],"collection":[{"href":"https:\/\/www.sinpeks.com\/rs\/wp-json\/wp\/v2\/product"}],"about":[{"href":"https:\/\/www.sinpeks.com\/rs\/wp-json\/wp\/v2\/types\/product"}],"replies":[{"embeddable":true,"href":"https:\/\/www.sinpeks.com\/rs\/wp-json\/wp\/v2\/comments?post=12634"}],"wp:featuredmedia":[{"embeddable":true,"href":"https:\/\/www.sinpeks.com\/rs\/wp-json\/wp\/v2\/media\/16098"}],"wp:attachment":[{"href":"https:\/\/www.sinpeks.com\/rs\/wp-json\/wp\/v2\/media?parent=12634"}],"wp:term":[{"taxonomy":"product_cat","embeddable":true,"href":"https:\/\/www.sinpeks.com\/rs\/wp-json\/wp\/v2\/product_cat?post=12634"},{"taxonomy":"product_tag","embeddable":true,"href":"https:\/\/www.sinpeks.com\/rs\/wp-json\/wp\/v2\/product_tag?post=12634"}],"curies":[{"name":"wp","href":"https:\/\/api.w.org\/{rel}","templated":true}]}}