{"id":12631,"date":"2024-11-19T19:46:15","date_gmt":"2024-11-19T19:46:15","guid":{"rendered":"https:\/\/www.sinpeks.com\/rs\/p\/vibracioni-valjak-arx26\/"},"modified":"2026-01-13T11:13:01","modified_gmt":"2026-01-13T11:13:01","slug":"vibracioni-valjak-arx26","status":"publish","type":"product","link":"https:\/\/www.sinpeks.com\/rs\/p\/vibracioni-valjak-arx26\/","title":{"rendered":"Vibracioni valjak ARX26"},"content":{"rendered":"<p>Ammann ARX 26 tandem valjak operaterima jo\u0161 vi\u0161e olak\u0161ava rad pored prepreka kao \u0161to su ivi\u010dnjaci. Valjak, sa \u0161irinom bubnja od 1200 mm, ima novi zglobni spoj koji omogu\u0107ava brzo pode\u0161avanje bubnja od in-line do offset konfiguracije. Valjci koji su offset mogu raditi blizu prepreka. Operateri moraju paziti samo na jedan valjak, znaju\u0107i da \u0107e drugi biti na sigurnoj udaljenosti od prepreke. In-line postavka, koja omogu\u0107ava jednaku raspodjelu sila sabijanja, preferira se na otvorenim gradili\u0161tima. Zglobni spoj, koji omogu\u0107ava in-line\/offset pode\u0161avanje, ne zahtijeva odr\u017eavanje.<\/p>\n","protected":false},"excerpt":{"rendered":"<p>Ammann ARX 26 tandem valjak operaterima jo\u0161 vi\u0161e olak\u0161ava rad pored prepreka kao \u0161to su ivi\u010dnjaci. Valjak, sa \u0161irinom bubnja od 1200 mm, ima novi zglobni spoj koji omogu\u0107ava brzo pode\u0161avanje bubnja od in-line do offset konfiguracije. Valjci koji su offset mogu raditi blizu prepreka. Operateri moraju paziti samo na jedan valjak, znaju\u0107i da \u0107e [&hellip;]<\/p>\n","protected":false},"featured_media":16088,"comment_status":"open","ping_status":"closed","template":"","meta":{"_acf_changed":false},"product_cat":[159],"product_tag":[],"class_list":{"0":"post-12631","1":"product","2":"type-product","3":"status-publish","4":"has-post-thumbnail","6":"product_cat-vibro-valjci","7":"product_shipping_class-ostale-kategorije-makedonija","8":"pa_b-ammann","9":"pa_market-ba","10":"pa_market-mk","11":"pa_market-rs","12":"pa_sirina-valjka-1200-mm","13":"pa_snaga-motora-335-ks","14":"pa_tip-masine-sa-duplim-bubnjem","16":"first","17":"outofstock","18":"taxable","19":"shipping-taxable","20":"purchasable","21":"product-type-simple"},"acf":[],"seolaxy_ctr_woo_product_custom_meta_description_content":"","_links":{"self":[{"href":"https:\/\/www.sinpeks.com\/rs\/wp-json\/wp\/v2\/product\/12631","targetHints":{"allow":["GET"]}}],"collection":[{"href":"https:\/\/www.sinpeks.com\/rs\/wp-json\/wp\/v2\/product"}],"about":[{"href":"https:\/\/www.sinpeks.com\/rs\/wp-json\/wp\/v2\/types\/product"}],"replies":[{"embeddable":true,"href":"https:\/\/www.sinpeks.com\/rs\/wp-json\/wp\/v2\/comments?post=12631"}],"wp:featuredmedia":[{"embeddable":true,"href":"https:\/\/www.sinpeks.com\/rs\/wp-json\/wp\/v2\/media\/16088"}],"wp:attachment":[{"href":"https:\/\/www.sinpeks.com\/rs\/wp-json\/wp\/v2\/media?parent=12631"}],"wp:term":[{"taxonomy":"product_cat","embeddable":true,"href":"https:\/\/www.sinpeks.com\/rs\/wp-json\/wp\/v2\/product_cat?post=12631"},{"taxonomy":"product_tag","embeddable":true,"href":"https:\/\/www.sinpeks.com\/rs\/wp-json\/wp\/v2\/product_tag?post=12631"}],"curies":[{"name":"wp","href":"https:\/\/api.w.org\/{rel}","templated":true}]}}