{"id":12630,"date":"2024-11-19T19:46:15","date_gmt":"2024-11-19T19:46:15","guid":{"rendered":"https:\/\/www.sinpeks.com\/rs\/p\/vibracioni-valjak-arx40\/"},"modified":"2026-01-13T11:02:57","modified_gmt":"2026-01-13T11:02:57","slug":"vibracioni-valjak-arx40","status":"publish","type":"product","link":"https:\/\/www.sinpeks.com\/rs\/p\/vibracioni-valjak-arx40\/","title":{"rendered":"Vibracioni valjak ARX40"},"content":{"rendered":"<p>Tandem valjak AMMANN ARX40-2 olak\u0161ava rad na nivelaciji svih povr\u0161ina, \u010dak i du\u017e ivica. Bubanj je \u0161irok 1300 mm. Oba bubnja se mogu pomerati aksijalno i dovesti u liniju. Pokre\u0107e ga sna\u017ean Kubota motor od 34,1 kV (45,7 KS) sa EU Stage IIIA \/ US EPA Tier 4i standardima emisije.<\/p>\n","protected":false},"excerpt":{"rendered":"<p>Tandem valjak AMMANN ARX40-2 olak\u0161ava rad na nivelaciji svih povr\u0161ina, \u010dak i du\u017e ivica. Bubanj je \u0161irok 1300 mm. Oba bubnja se mogu pomerati aksijalno i dovesti u liniju. Pokre\u0107e ga sna\u017ean Kubota motor od 34,1 kV (45,7 KS) sa EU Stage IIIA \/ US EPA Tier 4i standardima emisije.<\/p>\n","protected":false},"featured_media":16081,"comment_status":"open","ping_status":"closed","template":"","meta":{"_acf_changed":false},"product_cat":[159],"product_tag":[],"class_list":{"0":"post-12630","1":"product","2":"type-product","3":"status-publish","4":"has-post-thumbnail","6":"product_cat-vibro-valjci","7":"product_shipping_class-ostale-kategorije-makedonija","8":"pa_b-ammann","9":"pa_market-ba","10":"pa_market-mk","11":"pa_market-rs","12":"pa_sirina-valjka-1300-mm","13":"pa_snaga-motora-457-ks","14":"pa_tip-masine-sa-duplim-bubnjem","16":"first","17":"outofstock","18":"sale","19":"taxable","20":"shipping-taxable","21":"purchasable","22":"product-type-simple"},"acf":[],"seolaxy_ctr_woo_product_custom_meta_description_content":"","_links":{"self":[{"href":"https:\/\/www.sinpeks.com\/rs\/wp-json\/wp\/v2\/product\/12630","targetHints":{"allow":["GET"]}}],"collection":[{"href":"https:\/\/www.sinpeks.com\/rs\/wp-json\/wp\/v2\/product"}],"about":[{"href":"https:\/\/www.sinpeks.com\/rs\/wp-json\/wp\/v2\/types\/product"}],"replies":[{"embeddable":true,"href":"https:\/\/www.sinpeks.com\/rs\/wp-json\/wp\/v2\/comments?post=12630"}],"wp:featuredmedia":[{"embeddable":true,"href":"https:\/\/www.sinpeks.com\/rs\/wp-json\/wp\/v2\/media\/16081"}],"wp:attachment":[{"href":"https:\/\/www.sinpeks.com\/rs\/wp-json\/wp\/v2\/media?parent=12630"}],"wp:term":[{"taxonomy":"product_cat","embeddable":true,"href":"https:\/\/www.sinpeks.com\/rs\/wp-json\/wp\/v2\/product_cat?post=12630"},{"taxonomy":"product_tag","embeddable":true,"href":"https:\/\/www.sinpeks.com\/rs\/wp-json\/wp\/v2\/product_tag?post=12630"}],"curies":[{"name":"wp","href":"https:\/\/api.w.org\/{rel}","templated":true}]}}