{"id":12629,"date":"2024-11-19T19:46:14","date_gmt":"2024-11-19T19:46:14","guid":{"rendered":"https:\/\/www.sinpeks.com\/rs\/p\/mini-bager-yanmar-sv60-6b\/"},"modified":"2026-01-13T12:26:10","modified_gmt":"2026-01-13T12:26:10","slug":"mini-bager-yanmar-sv60-6b","status":"publish","type":"product","link":"https:\/\/www.sinpeks.com\/rs\/p\/mini-bager-yanmar-sv60-6b\/","title":{"rendered":"Mini bager YANMAR SV60-6B"},"content":{"rendered":"<p>Dobitna kombinacija tehnologije i inovacije, SV60-6B nudi performanse srednjeg bagera dok ubira prednosti kompaktnog bagera. Dizajniran da efikasno radi na raznim lokacijama, kombinuje kompaktnost, snagu, svestranost, pouzdanost i izdr\u017eljivost. Sa brojnim dizajnerskim detaljima za sigurnost i udobnost rukovaoca, napredna standardna oprema uklju\u010duje kameru za zadnji pogled, progresivni ViPPS hidrauli\u010dki sistem i podesivo sedi\u0161te sa vazdu\u0161nim oslanjanjem.<\/p>\n","protected":false},"excerpt":{"rendered":"<p>Dobitna kombinacija tehnologije i inovacije, SV60-6B nudi performanse srednjeg bagera dok ubira prednosti kompaktnog bagera. Dizajniran da efikasno radi na raznim lokacijama, kombinuje kompaktnost, snagu, svestranost, pouzdanost i izdr\u017eljivost. Sa brojnim dizajnerskim detaljima za sigurnost i udobnost rukovaoca, napredna standardna oprema uklju\u010duje kameru za zadnji pogled, progresivni ViPPS hidrauli\u010dki sistem i podesivo sedi\u0161te sa vazdu\u0161nim [&hellip;]<\/p>\n","protected":false},"featured_media":16078,"comment_status":"open","ping_status":"closed","template":"","meta":{"_acf_changed":false},"product_cat":[133],"product_tag":[],"class_list":{"0":"post-12629","1":"product","2":"type-product","3":"status-publish","4":"has-post-thumbnail","6":"product_cat-mini-bageri","7":"product_shipping_class-ostale-kategorije-makedonija","8":"pa_b-yanmar","9":"pa_market-ba","10":"pa_market-mk","11":"pa_market-rs","12":"pa_max-dubina-kopanja-365-42-m","13":"pa_snaga-motora-46-ks","14":"pa_vrsta-podvozja-gusenicari","16":"first","17":"outofstock","18":"taxable","19":"shipping-taxable","20":"purchasable","21":"product-type-simple"},"acf":[],"seolaxy_ctr_woo_product_custom_meta_description_content":"","_links":{"self":[{"href":"https:\/\/www.sinpeks.com\/rs\/wp-json\/wp\/v2\/product\/12629","targetHints":{"allow":["GET"]}}],"collection":[{"href":"https:\/\/www.sinpeks.com\/rs\/wp-json\/wp\/v2\/product"}],"about":[{"href":"https:\/\/www.sinpeks.com\/rs\/wp-json\/wp\/v2\/types\/product"}],"replies":[{"embeddable":true,"href":"https:\/\/www.sinpeks.com\/rs\/wp-json\/wp\/v2\/comments?post=12629"}],"wp:featuredmedia":[{"embeddable":true,"href":"https:\/\/www.sinpeks.com\/rs\/wp-json\/wp\/v2\/media\/16078"}],"wp:attachment":[{"href":"https:\/\/www.sinpeks.com\/rs\/wp-json\/wp\/v2\/media?parent=12629"}],"wp:term":[{"taxonomy":"product_cat","embeddable":true,"href":"https:\/\/www.sinpeks.com\/rs\/wp-json\/wp\/v2\/product_cat?post=12629"},{"taxonomy":"product_tag","embeddable":true,"href":"https:\/\/www.sinpeks.com\/rs\/wp-json\/wp\/v2\/product_tag?post=12629"}],"curies":[{"name":"wp","href":"https:\/\/api.w.org\/{rel}","templated":true}]}}