{"id":12626,"date":"2024-11-19T19:46:12","date_gmt":"2024-11-19T19:46:12","guid":{"rendered":"https:\/\/www.sinpeks.com\/rs\/p\/mini-bager-wacker-neuson-et18\/"},"modified":"2026-01-13T11:31:15","modified_gmt":"2026-01-13T11:31:15","slug":"mini-bager-wacker-neuson-et18","status":"publish","type":"product","link":"https:\/\/www.sinpeks.com\/rs\/p\/mini-bager-wacker-neuson-et18\/","title":{"rendered":"Mini bager Wacker Neuson ET18"},"content":{"rendered":"<p>Sa bagerom ET18, Wacker Neuson postavlja nove standarde u klasi od 1,7 do 2,4 tone. Kombinacija dokazanih elemenata i inteligentnih razvojnih pristupa obezbe\u0111uje velike dobitke u performansama i efikasnosti. Sofisticirane karakteristike kao \u0161to su velika kabina i dvodelni mehanizam za vetrobransko staklo tako\u0111e pove\u0107avaju udobnost rukovaoca. Opremljen je naprednim sistemom preoptere\u0107enja (sigurnosni ventili za podizanje ruku, \u0161ipka i lopatica) i mehani\u010dkim sistemom za brzo otpu\u0161tanje MS01.<\/p>\n","protected":false},"excerpt":{"rendered":"<p>Sa bagerom ET18, Wacker Neuson postavlja nove standarde u klasi od 1,7 do 2,4 tone. Kombinacija dokazanih elemenata i inteligentnih razvojnih pristupa obezbe\u0111uje velike dobitke u performansama i efikasnosti. Sofisticirane karakteristike kao \u0161to su velika kabina i dvodelni mehanizam za vetrobransko staklo tako\u0111e pove\u0107avaju udobnost rukovaoca. Opremljen je naprednim sistemom preoptere\u0107enja (sigurnosni ventili za podizanje [&hellip;]<\/p>\n","protected":false},"featured_media":16068,"comment_status":"open","ping_status":"closed","template":"","meta":{"_acf_changed":false},"product_cat":[133],"product_tag":[],"class_list":{"0":"post-12626","1":"product","2":"type-product","3":"status-publish","4":"has-post-thumbnail","6":"product_cat-mini-bageri","7":"product_shipping_class-ostale-kategorije-makedonija","8":"pa_b-wacker-neuson","9":"pa_market-ba","10":"pa_market-mk","11":"pa_market-rs","12":"pa_max-dubina-kopanja-22-24-m","13":"pa_snaga-motora-185-ks","14":"pa_vrsta-podvozja-gusenicari","16":"first","17":"outofstock","18":"taxable","19":"shipping-taxable","20":"purchasable","21":"product-type-simple"},"acf":[],"seolaxy_ctr_woo_product_custom_meta_description_content":"","_links":{"self":[{"href":"https:\/\/www.sinpeks.com\/rs\/wp-json\/wp\/v2\/product\/12626","targetHints":{"allow":["GET"]}}],"collection":[{"href":"https:\/\/www.sinpeks.com\/rs\/wp-json\/wp\/v2\/product"}],"about":[{"href":"https:\/\/www.sinpeks.com\/rs\/wp-json\/wp\/v2\/types\/product"}],"replies":[{"embeddable":true,"href":"https:\/\/www.sinpeks.com\/rs\/wp-json\/wp\/v2\/comments?post=12626"}],"wp:featuredmedia":[{"embeddable":true,"href":"https:\/\/www.sinpeks.com\/rs\/wp-json\/wp\/v2\/media\/16068"}],"wp:attachment":[{"href":"https:\/\/www.sinpeks.com\/rs\/wp-json\/wp\/v2\/media?parent=12626"}],"wp:term":[{"taxonomy":"product_cat","embeddable":true,"href":"https:\/\/www.sinpeks.com\/rs\/wp-json\/wp\/v2\/product_cat?post=12626"},{"taxonomy":"product_tag","embeddable":true,"href":"https:\/\/www.sinpeks.com\/rs\/wp-json\/wp\/v2\/product_tag?post=12626"}],"curies":[{"name":"wp","href":"https:\/\/api.w.org\/{rel}","templated":true}]}}