{"id":12625,"date":"2024-11-19T19:46:12","date_gmt":"2024-11-19T19:46:12","guid":{"rendered":"https:\/\/www.sinpeks.com\/rs\/p\/mini-bager-yanmar-sv26\/"},"modified":"2026-01-13T10:57:12","modified_gmt":"2026-01-13T10:57:12","slug":"mini-bager-yanmar-sv26","status":"publish","type":"product","link":"https:\/\/www.sinpeks.com\/rs\/p\/mini-bager-yanmar-sv26\/","title":{"rendered":"Mini bager YANMAR SV26"},"content":{"rendered":"<p>Otkrijte prvoklasne performanse u iznena\u0111uju\u0107e kompaktnom pakovanju, savr\u0161enom za gradski rad i ure\u0111enje, \u010dak i u najizazovnijim okru\u017eenjima. Odli\u010dna stabilnost i nizak osnovni pritisak obezbe\u0111uju performanse na svim vrstama terena uz smanjenje degradacije tla. Najve\u0107a kabina u svojoj klasi i pametan dizajn obezbe\u0111uju pravi komfor rukovaoca, dok napredni hidrauli\u010dki sistem nudi brze performanse sa stvarnom kontrolom. Kompletan sistem za\u0161tite pove\u0107ava izdr\u017eljivost, a potro\u0161nja goriva je tako\u0111e neverovatno niska.<\/p>\n","protected":false},"excerpt":{"rendered":"<p>Otkrijte prvoklasne performanse u iznena\u0111uju\u0107e kompaktnom pakovanju, savr\u0161enom za gradski rad i ure\u0111enje, \u010dak i u najizazovnijim okru\u017eenjima. Odli\u010dna stabilnost i nizak osnovni pritisak obezbe\u0111uju performanse na svim vrstama terena uz smanjenje degradacije tla. Najve\u0107a kabina u svojoj klasi i pametan dizajn obezbe\u0111uju pravi komfor rukovaoca, dok napredni hidrauli\u010dki sistem nudi brze performanse sa stvarnom [&hellip;]<\/p>\n","protected":false},"featured_media":16058,"comment_status":"open","ping_status":"closed","template":"","meta":{"_acf_changed":false},"product_cat":[133],"product_tag":[],"class_list":{"0":"post-12625","1":"product","2":"type-product","3":"status-publish","4":"has-post-thumbnail","6":"product_cat-mini-bageri","7":"product_shipping_class-ostale-kategorije-makedonija","8":"pa_b-yanmar","9":"pa_market-ba","10":"pa_market-mk","11":"pa_market-rs","12":"pa_max-dubina-kopanja-25-295-m","13":"pa_snaga-motora-25-ks","14":"pa_vrsta-podvozja-gusenicari","16":"first","17":"outofstock","18":"taxable","19":"shipping-taxable","20":"purchasable","21":"product-type-simple"},"acf":[],"seolaxy_ctr_woo_product_custom_meta_description_content":"","_links":{"self":[{"href":"https:\/\/www.sinpeks.com\/rs\/wp-json\/wp\/v2\/product\/12625","targetHints":{"allow":["GET"]}}],"collection":[{"href":"https:\/\/www.sinpeks.com\/rs\/wp-json\/wp\/v2\/product"}],"about":[{"href":"https:\/\/www.sinpeks.com\/rs\/wp-json\/wp\/v2\/types\/product"}],"replies":[{"embeddable":true,"href":"https:\/\/www.sinpeks.com\/rs\/wp-json\/wp\/v2\/comments?post=12625"}],"wp:featuredmedia":[{"embeddable":true,"href":"https:\/\/www.sinpeks.com\/rs\/wp-json\/wp\/v2\/media\/16058"}],"wp:attachment":[{"href":"https:\/\/www.sinpeks.com\/rs\/wp-json\/wp\/v2\/media?parent=12625"}],"wp:term":[{"taxonomy":"product_cat","embeddable":true,"href":"https:\/\/www.sinpeks.com\/rs\/wp-json\/wp\/v2\/product_cat?post=12625"},{"taxonomy":"product_tag","embeddable":true,"href":"https:\/\/www.sinpeks.com\/rs\/wp-json\/wp\/v2\/product_tag?post=12625"}],"curies":[{"name":"wp","href":"https:\/\/api.w.org\/{rel}","templated":true}]}}