{"id":12624,"date":"2024-11-19T19:46:11","date_gmt":"2024-11-19T19:46:11","guid":{"rendered":"https:\/\/www.sinpeks.com\/rs\/p\/mini-bager-yanmar-vio-57-6b\/"},"modified":"2026-01-13T10:55:12","modified_gmt":"2026-01-13T10:55:12","slug":"mini-bager-yanmar-vio-57-6b","status":"publish","type":"product","link":"https:\/\/www.sinpeks.com\/rs\/p\/mini-bager-yanmar-vio-57-6b\/","title":{"rendered":"Mini bager YANMAR VIO 57-6B"},"content":{"rendered":"<p>Napredni motor ViO57-6B ispunjava sve zahteve EU o emisiji izduvnih gasova, sa elektronskim kontrolama koje nude pravu preciznu snagu kao i prvoklasnu ekonomi\u010dnost goriva. ViPPS hidrauli\u010dki sistem koordinira performanse, dok dvobrzinski automatski pogonski motori dodaju dodatnu automatsku preciznost i pove\u0107avaju lako\u0107u rukovanja. Ova ma\u0161ina tako\u0111e ima pobolj\u0161ani donji stroj, \u0161to rezultira izuzetnom stabilno\u0161\u0107u i izdr\u017eljivo\u0161\u0107u, uz ve\u0107u sigurnost i udobnost rukovaoca. Jednostavan za odr\u017eavanje, opcioni daljinski upravlja\u010d SmartAssist \u010dini ovu jedinicu jednostavnom za rukovanje.<\/p>\n","protected":false},"excerpt":{"rendered":"<p>Napredni motor ViO57-6B ispunjava sve zahteve EU o emisiji izduvnih gasova, sa elektronskim kontrolama koje nude pravu preciznu snagu kao i prvoklasnu ekonomi\u010dnost goriva. ViPPS hidrauli\u010dki sistem koordinira performanse, dok dvobrzinski automatski pogonski motori dodaju dodatnu automatsku preciznost i pove\u0107avaju lako\u0107u rukovanja. Ova ma\u0161ina tako\u0111e ima pobolj\u0161ani donji stroj, \u0161to rezultira izuzetnom stabilno\u0161\u0107u i izdr\u017eljivo\u0161\u0107u, [&hellip;]<\/p>\n","protected":false},"featured_media":16055,"comment_status":"open","ping_status":"closed","template":"","meta":{"_acf_changed":false},"product_cat":[133],"product_tag":[],"class_list":{"0":"post-12624","1":"product","2":"type-product","3":"status-publish","4":"has-post-thumbnail","6":"product_cat-mini-bageri","7":"product_shipping_class-ostale-kategorije-makedonija","8":"pa_b-yanmar","9":"pa_market-ba","10":"pa_market-mk","11":"pa_market-rs","12":"pa_max-dubina-kopanja-39-41-m","13":"pa_snaga-motora-45-ks","14":"pa_vrsta-podvozja-gusenicari","16":"first","17":"outofstock","18":"taxable","19":"shipping-taxable","20":"purchasable","21":"product-type-simple"},"acf":[],"seolaxy_ctr_woo_product_custom_meta_description_content":"","_links":{"self":[{"href":"https:\/\/www.sinpeks.com\/rs\/wp-json\/wp\/v2\/product\/12624","targetHints":{"allow":["GET"]}}],"collection":[{"href":"https:\/\/www.sinpeks.com\/rs\/wp-json\/wp\/v2\/product"}],"about":[{"href":"https:\/\/www.sinpeks.com\/rs\/wp-json\/wp\/v2\/types\/product"}],"replies":[{"embeddable":true,"href":"https:\/\/www.sinpeks.com\/rs\/wp-json\/wp\/v2\/comments?post=12624"}],"wp:featuredmedia":[{"embeddable":true,"href":"https:\/\/www.sinpeks.com\/rs\/wp-json\/wp\/v2\/media\/16055"}],"wp:attachment":[{"href":"https:\/\/www.sinpeks.com\/rs\/wp-json\/wp\/v2\/media?parent=12624"}],"wp:term":[{"taxonomy":"product_cat","embeddable":true,"href":"https:\/\/www.sinpeks.com\/rs\/wp-json\/wp\/v2\/product_cat?post=12624"},{"taxonomy":"product_tag","embeddable":true,"href":"https:\/\/www.sinpeks.com\/rs\/wp-json\/wp\/v2\/product_tag?post=12624"}],"curies":[{"name":"wp","href":"https:\/\/api.w.org\/{rel}","templated":true}]}}