{"id":12623,"date":"2024-11-19T19:46:11","date_gmt":"2024-11-19T19:46:11","guid":{"rendered":"https:\/\/www.sinpeks.com\/rs\/p\/bager-liebherr-r930\/"},"modified":"2026-01-13T12:32:16","modified_gmt":"2026-01-13T12:32:16","slug":"bager-liebherr-r930","status":"publish","type":"product","link":"https:\/\/www.sinpeks.com\/rs\/p\/bager-liebherr-r930\/","title":{"rendered":"Bager Liebherr R930"},"content":{"rendered":"<p>R930 je potpuno novi model Liebherrovog bagera guseni\u010dara koji se uklapa u klasu od 30 tona. Njegov potpuno izmenjen dizajn karakteristi\u010dan je za novu paletu ma\u0161ina &#8222;generacije 8&#8220; Pru\u017ea jo\u0161 ve\u0107i komfor, bolju ergonomiju i pobolj\u0161ane performanse u velikom broju primena.<\/p>\n","protected":false},"excerpt":{"rendered":"<p>R930 je potpuno novi model Liebherrovog bagera guseni\u010dara koji se uklapa u klasu od 30 tona. Njegov potpuno izmenjen dizajn karakteristi\u010dan je za novu paletu ma\u0161ina &#8222;generacije 8&#8220; Pru\u017ea jo\u0161 ve\u0107i komfor, bolju ergonomiju i pobolj\u0161ane performanse u velikom broju primena.<\/p>\n","protected":false},"featured_media":16052,"comment_status":"open","ping_status":"closed","template":"","meta":{"_acf_changed":false},"product_cat":[132],"product_tag":[],"class_list":{"0":"post-12623","1":"product","2":"type-product","3":"status-publish","4":"has-post-thumbnail","6":"product_cat-bageri","7":"product_shipping_class-ostale-kategorije-makedonija","8":"pa_b-liebherr","9":"pa_korpa-115-m3","10":"pa_market-ba","11":"pa_market-mk","12":"pa_market-rs","13":"pa_max-dubina-kopanja-66-78-m","14":"pa_snaga-motora-245-ks","15":"pa_vrsta-podvozja-gusenicari","17":"first","18":"outofstock","19":"taxable","20":"shipping-taxable","21":"purchasable","22":"product-type-simple"},"acf":[],"seolaxy_ctr_woo_product_custom_meta_description_content":"","_links":{"self":[{"href":"https:\/\/www.sinpeks.com\/rs\/wp-json\/wp\/v2\/product\/12623","targetHints":{"allow":["GET"]}}],"collection":[{"href":"https:\/\/www.sinpeks.com\/rs\/wp-json\/wp\/v2\/product"}],"about":[{"href":"https:\/\/www.sinpeks.com\/rs\/wp-json\/wp\/v2\/types\/product"}],"replies":[{"embeddable":true,"href":"https:\/\/www.sinpeks.com\/rs\/wp-json\/wp\/v2\/comments?post=12623"}],"wp:featuredmedia":[{"embeddable":true,"href":"https:\/\/www.sinpeks.com\/rs\/wp-json\/wp\/v2\/media\/16052"}],"wp:attachment":[{"href":"https:\/\/www.sinpeks.com\/rs\/wp-json\/wp\/v2\/media?parent=12623"}],"wp:term":[{"taxonomy":"product_cat","embeddable":true,"href":"https:\/\/www.sinpeks.com\/rs\/wp-json\/wp\/v2\/product_cat?post=12623"},{"taxonomy":"product_tag","embeddable":true,"href":"https:\/\/www.sinpeks.com\/rs\/wp-json\/wp\/v2\/product_tag?post=12623"}],"curies":[{"name":"wp","href":"https:\/\/api.w.org\/{rel}","templated":true}]}}