{"id":12622,"date":"2024-11-19T19:46:10","date_gmt":"2024-11-19T19:46:10","guid":{"rendered":"https:\/\/www.sinpeks.com\/rs\/p\/bager-liebherr-r928\/"},"modified":"2026-01-13T12:09:51","modified_gmt":"2026-01-13T12:09:51","slug":"bager-liebherr-r928","status":"publish","type":"product","link":"https:\/\/www.sinpeks.com\/rs\/p\/bager-liebherr-r928\/","title":{"rendered":"Bager Liebherr R928"},"content":{"rendered":"<p>Bager R928 je Liebherrov model dizajniran da zadovolji potrebe tr\u017ei\u0161ta bagera od 30 tona ili manje. Dopunjuje na\u0161 asortiman ma\u0161ina generacije 8 koje na\u0161im kupcima nude napredak u udobnosti, ergonomiji i operativnim performansama.<\/p>\n","protected":false},"excerpt":{"rendered":"<p>Bager R928 je Liebherrov model dizajniran da zadovolji potrebe tr\u017ei\u0161ta bagera od 30 tona ili manje. Dopunjuje na\u0161 asortiman ma\u0161ina generacije 8 koje na\u0161im kupcima nude napredak u udobnosti, ergonomiji i operativnim performansama.<\/p>\n","protected":false},"featured_media":16049,"comment_status":"open","ping_status":"closed","template":"","meta":{"_acf_changed":false},"product_cat":[132],"product_tag":[],"class_list":{"0":"post-12622","1":"product","2":"type-product","3":"status-publish","4":"has-post-thumbnail","6":"product_cat-bageri","7":"product_shipping_class-ostale-kategorije-makedonija","8":"pa_b-liebherr","9":"pa_korpa-055-185-m3","10":"pa_market-ba","11":"pa_market-mk","12":"pa_market-rs","13":"pa_max-dubina-kopanja-3-76-6-m","14":"pa_snaga-motora-204-ks","15":"pa_vrsta-podvozja-gusenicari","17":"first","18":"outofstock","19":"taxable","20":"shipping-taxable","21":"purchasable","22":"product-type-simple"},"acf":[],"seolaxy_ctr_woo_product_custom_meta_description_content":"","_links":{"self":[{"href":"https:\/\/www.sinpeks.com\/rs\/wp-json\/wp\/v2\/product\/12622","targetHints":{"allow":["GET"]}}],"collection":[{"href":"https:\/\/www.sinpeks.com\/rs\/wp-json\/wp\/v2\/product"}],"about":[{"href":"https:\/\/www.sinpeks.com\/rs\/wp-json\/wp\/v2\/types\/product"}],"replies":[{"embeddable":true,"href":"https:\/\/www.sinpeks.com\/rs\/wp-json\/wp\/v2\/comments?post=12622"}],"wp:featuredmedia":[{"embeddable":true,"href":"https:\/\/www.sinpeks.com\/rs\/wp-json\/wp\/v2\/media\/16049"}],"wp:attachment":[{"href":"https:\/\/www.sinpeks.com\/rs\/wp-json\/wp\/v2\/media?parent=12622"}],"wp:term":[{"taxonomy":"product_cat","embeddable":true,"href":"https:\/\/www.sinpeks.com\/rs\/wp-json\/wp\/v2\/product_cat?post=12622"},{"taxonomy":"product_tag","embeddable":true,"href":"https:\/\/www.sinpeks.com\/rs\/wp-json\/wp\/v2\/product_tag?post=12622"}],"curies":[{"name":"wp","href":"https:\/\/api.w.org\/{rel}","templated":true}]}}