{"id":12621,"date":"2024-11-19T19:46:09","date_gmt":"2024-11-19T19:46:09","guid":{"rendered":"https:\/\/www.sinpeks.com\/rs\/p\/bager-liebherr-r924\/"},"modified":"2026-02-27T08:14:37","modified_gmt":"2026-02-27T08:14:37","slug":"bager-liebherr-r924","status":"publish","type":"product","link":"https:\/\/www.sinpeks.com\/rs\/p\/bager-liebherr-r924\/","title":{"rendered":"Bager Liebherr R924"},"content":{"rendered":"<p>Bager Liebherr R924 zamenjuje prethodnika R 924 (Tier 4 Interim). Njegov potpuno unapre\u0111en dizajn karakteristi\u010dan je za novi asortiman ma\u0161ina &#8222;generacije 8&#8220;. Ima za cilj da pru\u017ei jo\u0161 ve\u0107u udobnost, bolju ergonomiju i pobolj\u0161ane performanse.<\/p>\n","protected":false},"excerpt":{"rendered":"<p>Bager Liebherr R924 zamenjuje prethodnika R 924 (Tier 4 Interim). Njegov potpuno unapre\u0111en dizajn karakteristi\u010dan je za novi asortiman ma\u0161ina &#8222;generacije 8&#8220;. Ima za cilj da pru\u017ei jo\u0161 ve\u0107u udobnost, bolju ergonomiju i pobolj\u0161ane performanse.<\/p>\n","protected":false},"featured_media":16045,"comment_status":"open","ping_status":"closed","template":"","meta":{"_acf_changed":false},"product_cat":[132],"product_tag":[],"class_list":{"0":"post-12621","1":"product","2":"type-product","3":"status-publish","4":"has-post-thumbnail","6":"product_cat-bageri","7":"product_shipping_class-ostale-kategorije-makedonija","8":"pa_b-liebherr","9":"pa_korpa-055-165-m3","10":"pa_market-ba","11":"pa_market-mk","12":"pa_market-rs","13":"pa_max-dubina-kopanja-55-76-m","14":"pa_snaga-motora-175-ks","15":"pa_vrsta-podvozja-gusenicari","17":"first","18":"outofstock","19":"sale","20":"taxable","21":"shipping-taxable","22":"purchasable","23":"product-type-simple"},"acf":[],"seolaxy_ctr_woo_product_custom_meta_description_content":"","_links":{"self":[{"href":"https:\/\/www.sinpeks.com\/rs\/wp-json\/wp\/v2\/product\/12621","targetHints":{"allow":["GET"]}}],"collection":[{"href":"https:\/\/www.sinpeks.com\/rs\/wp-json\/wp\/v2\/product"}],"about":[{"href":"https:\/\/www.sinpeks.com\/rs\/wp-json\/wp\/v2\/types\/product"}],"replies":[{"embeddable":true,"href":"https:\/\/www.sinpeks.com\/rs\/wp-json\/wp\/v2\/comments?post=12621"}],"wp:featuredmedia":[{"embeddable":true,"href":"https:\/\/www.sinpeks.com\/rs\/wp-json\/wp\/v2\/media\/16045"}],"wp:attachment":[{"href":"https:\/\/www.sinpeks.com\/rs\/wp-json\/wp\/v2\/media?parent=12621"}],"wp:term":[{"taxonomy":"product_cat","embeddable":true,"href":"https:\/\/www.sinpeks.com\/rs\/wp-json\/wp\/v2\/product_cat?post=12621"},{"taxonomy":"product_tag","embeddable":true,"href":"https:\/\/www.sinpeks.com\/rs\/wp-json\/wp\/v2\/product_tag?post=12621"}],"curies":[{"name":"wp","href":"https:\/\/api.w.org\/{rel}","templated":true}]}}