{"id":12620,"date":"2024-11-19T19:46:09","date_gmt":"2024-11-19T19:46:09","guid":{"rendered":"https:\/\/www.sinpeks.com\/rs\/p\/bager-hidromek-hmk-140w\/"},"modified":"2026-01-13T11:47:28","modified_gmt":"2026-01-13T11:47:28","slug":"bager-hidromek-hmk-140w","status":"publish","type":"product","link":"https:\/\/www.sinpeks.com\/rs\/p\/bager-hidromek-hmk-140w\/","title":{"rendered":"Bager Hidromek HMK 140W"},"content":{"rendered":"<p>Sa svojom oja\u010danom konstrukcijom za te\u0161ke uslove rada proizvedenom u modernim proizvodnim pogonima HIDROMEK-a, podvrgnutom osetljivim procesima kontrole kvaliteta, bageri serije H4 imaju odli\u010dnu izdr\u017eljivost i visoke performanse. Bageri serije H4 nude izvanredne performanse rade\u0107i br\u017ee, produktivnije i efikasnije. Bageri serije H4 rade vi\u0161e posla sa manje goriva; stoga su profitabilniji za svoje korisnike.<\/p>\n","protected":false},"excerpt":{"rendered":"<p>Sa svojom oja\u010danom konstrukcijom za te\u0161ke uslove rada proizvedenom u modernim proizvodnim pogonima HIDROMEK-a, podvrgnutom osetljivim procesima kontrole kvaliteta, bageri serije H4 imaju odli\u010dnu izdr\u017eljivost i visoke performanse. Bageri serije H4 nude izvanredne performanse rade\u0107i br\u017ee, produktivnije i efikasnije. Bageri serije H4 rade vi\u0161e posla sa manje goriva; stoga su profitabilniji za svoje korisnike.<\/p>\n","protected":false},"featured_media":16042,"comment_status":"open","ping_status":"closed","template":"","meta":{"_acf_changed":false},"product_cat":[132],"product_tag":[],"class_list":{"0":"post-12620","1":"product","2":"type-product","3":"status-publish","4":"has-post-thumbnail","6":"product_cat-bageri","7":"product_shipping_class-ostale-kategorije-makedonija","8":"pa_b-hidromek","9":"pa_korpa-03-07-m3","10":"pa_market-ba","11":"pa_market-mk","12":"pa_market-rs","13":"pa_max-dubina-kopanja-5-56-m","14":"pa_snaga-motora-123-ks","15":"pa_vrsta-podvozja-tockasi","17":"first","18":"outofstock","19":"taxable","20":"shipping-taxable","21":"purchasable","22":"product-type-simple"},"acf":[],"seolaxy_ctr_woo_product_custom_meta_description_content":"","_links":{"self":[{"href":"https:\/\/www.sinpeks.com\/rs\/wp-json\/wp\/v2\/product\/12620","targetHints":{"allow":["GET"]}}],"collection":[{"href":"https:\/\/www.sinpeks.com\/rs\/wp-json\/wp\/v2\/product"}],"about":[{"href":"https:\/\/www.sinpeks.com\/rs\/wp-json\/wp\/v2\/types\/product"}],"replies":[{"embeddable":true,"href":"https:\/\/www.sinpeks.com\/rs\/wp-json\/wp\/v2\/comments?post=12620"}],"wp:featuredmedia":[{"embeddable":true,"href":"https:\/\/www.sinpeks.com\/rs\/wp-json\/wp\/v2\/media\/16042"}],"wp:attachment":[{"href":"https:\/\/www.sinpeks.com\/rs\/wp-json\/wp\/v2\/media?parent=12620"}],"wp:term":[{"taxonomy":"product_cat","embeddable":true,"href":"https:\/\/www.sinpeks.com\/rs\/wp-json\/wp\/v2\/product_cat?post=12620"},{"taxonomy":"product_tag","embeddable":true,"href":"https:\/\/www.sinpeks.com\/rs\/wp-json\/wp\/v2\/product_tag?post=12620"}],"curies":[{"name":"wp","href":"https:\/\/api.w.org\/{rel}","templated":true}]}}