{"id":12619,"date":"2024-11-19T19:46:08","date_gmt":"2024-11-19T19:46:08","guid":{"rendered":"https:\/\/www.sinpeks.com\/rs\/p\/bager-liebherr-a918-iiia\/"},"modified":"2026-01-13T11:23:08","modified_gmt":"2026-01-13T11:23:08","slug":"bager-liebherr-a918-iiia","status":"publish","type":"product","link":"https:\/\/www.sinpeks.com\/rs\/p\/bager-liebherr-a918-iiia\/","title":{"rendered":"Bager Liebherr A918 IIIA"},"content":{"rendered":"<p>Od tradicionalnih zemljanih radova do izgradnje puteva i izgradnje kanalizacije i cevovoda \u2013 A 918 Litronic doprinosi uspehu svakog gradili\u0161ta i pokazuje maksimalnu snagu, brzinu i preciznost u potpuno kontinuiranom radu. Podr\u017ean inovativnim sistemima za pomo\u0107 i kontrolu ma\u0161ina, ovaj bager na to\u010dkovima brzo, precizno i pouzdano savladava slo\u017eene zadatke \u010dak i na najizazovnijim terenima.<\/p>\n","protected":false},"excerpt":{"rendered":"<p>Od tradicionalnih zemljanih radova do izgradnje puteva i izgradnje kanalizacije i cevovoda \u2013 A 918 Litronic doprinosi uspehu svakog gradili\u0161ta i pokazuje maksimalnu snagu, brzinu i preciznost u potpuno kontinuiranom radu. Podr\u017ean inovativnim sistemima za pomo\u0107 i kontrolu ma\u0161ina, ovaj bager na to\u010dkovima brzo, precizno i pouzdano savladava slo\u017eene zadatke \u010dak i na najizazovnijim terenima.<\/p>\n","protected":false},"featured_media":16040,"comment_status":"open","ping_status":"closed","template":"","meta":{"_acf_changed":false},"product_cat":[132],"product_tag":[],"class_list":{"0":"post-12619","1":"product","2":"type-product","3":"status-publish","4":"has-post-thumbnail","6":"product_cat-bageri","7":"product_shipping_class-ostale-kategorije-makedonija","8":"pa_b-liebherr","9":"pa_korpa-005-m3-32-1","10":"pa_market-ba","11":"pa_market-mk","12":"pa_market-rs","13":"pa_max-dubina-kopanja-52-56-m","14":"pa_snaga-motora-163-ks","15":"pa_vrsta-podvozja-tockasi","17":"first","18":"outofstock","19":"taxable","20":"shipping-taxable","21":"purchasable","22":"product-type-simple"},"acf":[],"seolaxy_ctr_woo_product_custom_meta_description_content":"","_links":{"self":[{"href":"https:\/\/www.sinpeks.com\/rs\/wp-json\/wp\/v2\/product\/12619","targetHints":{"allow":["GET"]}}],"collection":[{"href":"https:\/\/www.sinpeks.com\/rs\/wp-json\/wp\/v2\/product"}],"about":[{"href":"https:\/\/www.sinpeks.com\/rs\/wp-json\/wp\/v2\/types\/product"}],"replies":[{"embeddable":true,"href":"https:\/\/www.sinpeks.com\/rs\/wp-json\/wp\/v2\/comments?post=12619"}],"wp:featuredmedia":[{"embeddable":true,"href":"https:\/\/www.sinpeks.com\/rs\/wp-json\/wp\/v2\/media\/16040"}],"wp:attachment":[{"href":"https:\/\/www.sinpeks.com\/rs\/wp-json\/wp\/v2\/media?parent=12619"}],"wp:term":[{"taxonomy":"product_cat","embeddable":true,"href":"https:\/\/www.sinpeks.com\/rs\/wp-json\/wp\/v2\/product_cat?post=12619"},{"taxonomy":"product_tag","embeddable":true,"href":"https:\/\/www.sinpeks.com\/rs\/wp-json\/wp\/v2\/product_tag?post=12619"}],"curies":[{"name":"wp","href":"https:\/\/api.w.org\/{rel}","templated":true}]}}