{"id":12608,"date":"2024-11-19T19:05:55","date_gmt":"2024-11-19T19:05:55","guid":{"rendered":"https:\/\/www.sinpeks.com\/rs\/p\/paletni-viljuskar-vagom-2500-kg-pro\/"},"modified":"2026-01-13T11:31:15","modified_gmt":"2026-01-13T11:31:15","slug":"paletni-viljuskar-vagom-2500-kg-pro","status":"publish","type":"product","link":"https:\/\/www.sinpeks.com\/rs\/p\/paletni-viljuskar-vagom-2500-kg-pro\/","title":{"rendered":"Ru\u010dni paletar sa vagom 2500 kg &#8211; Pro"},"content":{"rendered":"<p>Ru\u010dni paletar za preme\u0161taj i skladi\u0161tenje robe opremljen vagom do 2500 kg<\/p>\n","protected":false},"excerpt":{"rendered":"<p>Ru\u010dni paletar za preme\u0161taj i skladi\u0161tenje robe opremljen vagom do 2500 kg<\/p>\n","protected":false},"featured_media":16753,"comment_status":"open","ping_status":"closed","template":"","meta":{"_acf_changed":false},"product_cat":[165],"product_tag":[],"class_list":{"0":"post-12608","1":"product","2":"type-product","3":"status-publish","4":"has-post-thumbnail","6":"product_cat-rucni-paletari","7":"product_shipping_class-ostale-kategorije-makedonija","8":"pa_b-agrina","9":"pa_market-ba","10":"pa_market-mk","11":"pa_market-rs","12":"pa_nosivost-2500-kg","13":"pa_visina-dizanja-0-2-m","15":"first","16":"outofstock","17":"sale","18":"taxable","19":"shipping-taxable","20":"purchasable","21":"product-type-simple"},"acf":[],"seolaxy_ctr_woo_product_custom_meta_description_content":"","_links":{"self":[{"href":"https:\/\/www.sinpeks.com\/rs\/wp-json\/wp\/v2\/product\/12608","targetHints":{"allow":["GET"]}}],"collection":[{"href":"https:\/\/www.sinpeks.com\/rs\/wp-json\/wp\/v2\/product"}],"about":[{"href":"https:\/\/www.sinpeks.com\/rs\/wp-json\/wp\/v2\/types\/product"}],"replies":[{"embeddable":true,"href":"https:\/\/www.sinpeks.com\/rs\/wp-json\/wp\/v2\/comments?post=12608"}],"wp:featuredmedia":[{"embeddable":true,"href":"https:\/\/www.sinpeks.com\/rs\/wp-json\/wp\/v2\/media\/16753"}],"wp:attachment":[{"href":"https:\/\/www.sinpeks.com\/rs\/wp-json\/wp\/v2\/media?parent=12608"}],"wp:term":[{"taxonomy":"product_cat","embeddable":true,"href":"https:\/\/www.sinpeks.com\/rs\/wp-json\/wp\/v2\/product_cat?post=12608"},{"taxonomy":"product_tag","embeddable":true,"href":"https:\/\/www.sinpeks.com\/rs\/wp-json\/wp\/v2\/product_tag?post=12608"}],"curies":[{"name":"wp","href":"https:\/\/api.w.org\/{rel}","templated":true}]}}