{"id":12605,"date":"2024-11-19T19:05:53","date_gmt":"2024-11-19T19:05:53","guid":{"rendered":"https:\/\/www.sinpeks.com\/rs\/p\/paletni-viljuskar-eco-2500-kg-prof\/"},"modified":"2026-05-08T07:00:12","modified_gmt":"2026-05-08T07:00:12","slug":"paletni-viljuskar-eco-2500-kg-prof","status":"publish","type":"product","link":"https:\/\/www.sinpeks.com\/rs\/p\/paletni-viljuskar-eco-2500-kg-prof\/","title":{"rendered":"Ru\u010dni paletar ECO 2500 kg &#8211; Prof."},"content":{"rendered":"<p>Ru\u010dni paletar izra\u0111en od najkvalitetnijih materijala, namenjen za manipulaciju paletizovanom robom u prodavnicama, skladi\u0161tima i sl. Poseduje sna\u017enu hidrauli\u010dnu pumpu koja omogu\u0107ava brzo i konstantno podizanje i to\u010dkove od specijalne kargo gume za lako i glatko kretanje kroz prostor.<\/p>\n","protected":false},"excerpt":{"rendered":"<p>Ru\u010dni paletar izra\u0111en od najkvalitetnijih materijala, namenjen za manipulaciju paletizovanom robom u prodavnicama, skladi\u0161tima i sl. Poseduje sna\u017enu hidrauli\u010dnu pumpu koja omogu\u0107ava brzo i konstantno podizanje i to\u010dkove od specijalne kargo gume za lako i glatko kretanje kroz prostor.<\/p>\n","protected":false},"featured_media":21073,"comment_status":"open","ping_status":"closed","template":"","meta":{"_acf_changed":false},"product_cat":[165],"product_tag":[],"class_list":{"0":"post-12605","1":"product","2":"type-product","3":"status-publish","4":"has-post-thumbnail","6":"product_cat-rucni-paletari","7":"product_shipping_class-ostale-kategorije-srbija","8":"pa_b-noblelift","9":"pa_market-ba","10":"pa_market-mk","11":"pa_market-rs","12":"pa_nosivost-2500-kg","13":"pa_visina-dizanja-0-2-m","15":"first","16":"instock","17":"sale","18":"taxable","19":"shipping-taxable","20":"purchasable","21":"product-type-simple"},"acf":[],"seolaxy_ctr_woo_product_custom_meta_description_content":"","_links":{"self":[{"href":"https:\/\/www.sinpeks.com\/rs\/wp-json\/wp\/v2\/product\/12605","targetHints":{"allow":["GET"]}}],"collection":[{"href":"https:\/\/www.sinpeks.com\/rs\/wp-json\/wp\/v2\/product"}],"about":[{"href":"https:\/\/www.sinpeks.com\/rs\/wp-json\/wp\/v2\/types\/product"}],"replies":[{"embeddable":true,"href":"https:\/\/www.sinpeks.com\/rs\/wp-json\/wp\/v2\/comments?post=12605"}],"wp:featuredmedia":[{"embeddable":true,"href":"https:\/\/www.sinpeks.com\/rs\/wp-json\/wp\/v2\/media\/21073"}],"wp:attachment":[{"href":"https:\/\/www.sinpeks.com\/rs\/wp-json\/wp\/v2\/media?parent=12605"}],"wp:term":[{"taxonomy":"product_cat","embeddable":true,"href":"https:\/\/www.sinpeks.com\/rs\/wp-json\/wp\/v2\/product_cat?post=12605"},{"taxonomy":"product_tag","embeddable":true,"href":"https:\/\/www.sinpeks.com\/rs\/wp-json\/wp\/v2\/product_tag?post=12605"}],"curies":[{"name":"wp","href":"https:\/\/api.w.org\/{rel}","templated":true}]}}