{"id":12598,"date":"2024-11-19T19:05:49","date_gmt":"2024-11-19T19:05:49","guid":{"rendered":"https:\/\/www.sinpeks.com\/rs\/p\/kombinirani-rovokopac-utovarivac-hmk-102s-alpha\/"},"modified":"2026-02-26T14:54:28","modified_gmt":"2026-02-26T14:54:28","slug":"kombinirani-rovokopac-utovarivac-hmk-102s-alpha","status":"publish","type":"product","link":"https:\/\/www.sinpeks.com\/rs\/p\/kombinirani-rovokopac-utovarivac-hmk-102s-alpha\/","title":{"rendered":"Kombinirani rovokopa\u010d-utovariva\u010d HMK 102S Alpha"},"content":{"rendered":"<p>Efikasnost i performanse u najte\u017eim uslovima. Visok komfor za rukovaoca \u010dak i tokom najdu\u017eih radnih sati.<\/p>\n","protected":false},"excerpt":{"rendered":"<p>Efikasnost i performanse u najte\u017eim uslovima. Visok komfor za rukovaoca \u010dak i tokom najdu\u017eih radnih sati.<\/p>\n","protected":false},"featured_media":17148,"comment_status":"open","ping_status":"closed","template":"","meta":{"_acf_changed":false},"product_cat":[134],"product_tag":[],"class_list":{"0":"post-12598","1":"product","2":"type-product","3":"status-publish","4":"has-post-thumbnail","6":"product_cat-kombinirke","7":"product_shipping_class-ostale-kategorije-makedonija","8":"pa_b-hidromek","9":"pa_market-ba","10":"pa_market-mk","11":"pa_market-rs","12":"pa_max-dubina-kopanja-45-57-m","13":"pa_max-nosivost-utovaraca-4484-kg","14":"pa_snaga-motora-100-ks","15":"pa_vrsta-podvozja-tockasi","17":"first","18":"outofstock","19":"sale","20":"taxable","21":"shipping-taxable","22":"purchasable","23":"product-type-simple"},"acf":[],"seolaxy_ctr_woo_product_custom_meta_description_content":"","_links":{"self":[{"href":"https:\/\/www.sinpeks.com\/rs\/wp-json\/wp\/v2\/product\/12598","targetHints":{"allow":["GET"]}}],"collection":[{"href":"https:\/\/www.sinpeks.com\/rs\/wp-json\/wp\/v2\/product"}],"about":[{"href":"https:\/\/www.sinpeks.com\/rs\/wp-json\/wp\/v2\/types\/product"}],"replies":[{"embeddable":true,"href":"https:\/\/www.sinpeks.com\/rs\/wp-json\/wp\/v2\/comments?post=12598"}],"wp:featuredmedia":[{"embeddable":true,"href":"https:\/\/www.sinpeks.com\/rs\/wp-json\/wp\/v2\/media\/17148"}],"wp:attachment":[{"href":"https:\/\/www.sinpeks.com\/rs\/wp-json\/wp\/v2\/media?parent=12598"}],"wp:term":[{"taxonomy":"product_cat","embeddable":true,"href":"https:\/\/www.sinpeks.com\/rs\/wp-json\/wp\/v2\/product_cat?post=12598"},{"taxonomy":"product_tag","embeddable":true,"href":"https:\/\/www.sinpeks.com\/rs\/wp-json\/wp\/v2\/product_tag?post=12598"}],"curies":[{"name":"wp","href":"https:\/\/api.w.org\/{rel}","templated":true}]}}