{"id":12594,"date":"2024-11-19T19:05:47","date_gmt":"2024-11-19T19:05:47","guid":{"rendered":"https:\/\/www.sinpeks.com\/rs\/p\/mini-bager-ianmar-vio-38-6-classic\/"},"modified":"2026-01-13T11:00:56","modified_gmt":"2026-01-13T11:00:56","slug":"mini-bager-ianmar-vio-38-6-classic","status":"publish","type":"product","link":"https:\/\/www.sinpeks.com\/rs\/p\/mini-bager-ianmar-vio-38-6-classic\/","title":{"rendered":"Mini bager YANMAR VIO 38-6 Classic"},"content":{"rendered":"<p>Neuporediva kompaktnost. Najnovija generacija IANMAR TNV motora: elektronski kontrolisan za bolje performanse, ni\u017eu potro\u0161nju goriva i nivoe emisije. Bez kompromisa u pogledu performansi: brz i efikasan rad \u010dak i u te\u0161kim uslovima. Univerzalni dizajn: udobnost i pove\u0107ana produktivnost. Sedi\u0161te sa vazdu\u0161nim oslanjanjem u standardnoj opremi za maksimalnu udobnost.<\/p>\n","protected":false},"excerpt":{"rendered":"<p>Neuporediva kompaktnost. Najnovija generacija IANMAR TNV motora: elektronski kontrolisan za bolje performanse, ni\u017eu potro\u0161nju goriva i nivoe emisije. Bez kompromisa u pogledu performansi: brz i efikasan rad \u010dak i u te\u0161kim uslovima. Univerzalni dizajn: udobnost i pove\u0107ana produktivnost. Sedi\u0161te sa vazdu\u0161nim oslanjanjem u standardnoj opremi za maksimalnu udobnost.<\/p>\n","protected":false},"featured_media":16061,"comment_status":"open","ping_status":"closed","template":"","meta":{"_acf_changed":false},"product_cat":[133],"product_tag":[],"class_list":{"0":"post-12594","1":"product","2":"type-product","3":"status-publish","4":"has-post-thumbnail","6":"product_cat-mini-bageri","7":"product_shipping_class-ostale-kategorije-makedonija","8":"pa_b-yanmar","9":"pa_market-ba","10":"pa_market-mk","11":"pa_market-rs","12":"pa_max-dubina-kopanja-1-3-3-5-m","13":"pa_snaga-motora-25-ks","14":"pa_vrsta-podvozja-gusenicari","16":"first","17":"outofstock","18":"taxable","19":"shipping-taxable","20":"purchasable","21":"product-type-simple"},"acf":[],"seolaxy_ctr_woo_product_custom_meta_description_content":"","_links":{"self":[{"href":"https:\/\/www.sinpeks.com\/rs\/wp-json\/wp\/v2\/product\/12594","targetHints":{"allow":["GET"]}}],"collection":[{"href":"https:\/\/www.sinpeks.com\/rs\/wp-json\/wp\/v2\/product"}],"about":[{"href":"https:\/\/www.sinpeks.com\/rs\/wp-json\/wp\/v2\/types\/product"}],"replies":[{"embeddable":true,"href":"https:\/\/www.sinpeks.com\/rs\/wp-json\/wp\/v2\/comments?post=12594"}],"wp:featuredmedia":[{"embeddable":true,"href":"https:\/\/www.sinpeks.com\/rs\/wp-json\/wp\/v2\/media\/16061"}],"wp:attachment":[{"href":"https:\/\/www.sinpeks.com\/rs\/wp-json\/wp\/v2\/media?parent=12594"}],"wp:term":[{"taxonomy":"product_cat","embeddable":true,"href":"https:\/\/www.sinpeks.com\/rs\/wp-json\/wp\/v2\/product_cat?post=12594"},{"taxonomy":"product_tag","embeddable":true,"href":"https:\/\/www.sinpeks.com\/rs\/wp-json\/wp\/v2\/product_tag?post=12594"}],"curies":[{"name":"wp","href":"https:\/\/api.w.org\/{rel}","templated":true}]}}