{"id":12592,"date":"2024-11-19T19:05:46","date_gmt":"2024-11-19T19:05:46","guid":{"rendered":"https:\/\/www.sinpeks.com\/rs\/p\/bager-liebherr-a904c-litronic\/"},"modified":"2026-01-13T10:44:57","modified_gmt":"2026-01-13T10:44:57","slug":"bager-liebherr-a904c-litronic","status":"publish","type":"product","link":"https:\/\/www.sinpeks.com\/rs\/p\/bager-liebherr-a904c-litronic\/","title":{"rendered":"Bager Liebherr A904C Litronic"},"content":{"rendered":"<p>Ovaj Liebherr bager na to\u010dkovima je u kategoriji najve\u0107e ma\u0161ine, ima veliku korpu, sna\u017ean motor, opremljen kamerom, brzom spojnicom, klima ure\u0111ajem, ekstra hidrauli\u010dnom funkcijom, funkcijom \u010dekic\u0301a, centralnim podmazivanjem. <\/p>\n","protected":false},"excerpt":{"rendered":"<p>Ovaj Liebherr bager na to\u010dkovima je u kategoriji najve\u0107e ma\u0161ine, ima veliku korpu, sna\u017ean motor, opremljen kamerom, brzom spojnicom, klima ure\u0111ajem, ekstra hidrauli\u010dnom funkcijom, funkcijom \u010dekic\u0301a, centralnim podmazivanjem.<\/p>\n","protected":false},"featured_media":16034,"comment_status":"open","ping_status":"closed","template":"","meta":{"_acf_changed":false},"product_cat":[132],"product_tag":[],"class_list":{"0":"post-12592","1":"product","2":"type-product","3":"status-publish","4":"has-post-thumbnail","6":"product_cat-bageri","7":"product_shipping_class-ostale-kategorije-makedonija","8":"pa_b-liebherr","9":"pa_market-ba","10":"pa_market-mk","11":"pa_market-rs","12":"pa_max-dubina-kopanja-59-66-m","13":"pa_snaga-motora-143-ks","14":"pa_vrsta-podvozja-tockasi","16":"first","17":"outofstock","18":"taxable","19":"shipping-taxable","20":"purchasable","21":"product-type-simple"},"acf":[],"seolaxy_ctr_woo_product_custom_meta_description_content":"","_links":{"self":[{"href":"https:\/\/www.sinpeks.com\/rs\/wp-json\/wp\/v2\/product\/12592","targetHints":{"allow":["GET"]}}],"collection":[{"href":"https:\/\/www.sinpeks.com\/rs\/wp-json\/wp\/v2\/product"}],"about":[{"href":"https:\/\/www.sinpeks.com\/rs\/wp-json\/wp\/v2\/types\/product"}],"replies":[{"embeddable":true,"href":"https:\/\/www.sinpeks.com\/rs\/wp-json\/wp\/v2\/comments?post=12592"}],"wp:featuredmedia":[{"embeddable":true,"href":"https:\/\/www.sinpeks.com\/rs\/wp-json\/wp\/v2\/media\/16034"}],"wp:attachment":[{"href":"https:\/\/www.sinpeks.com\/rs\/wp-json\/wp\/v2\/media?parent=12592"}],"wp:term":[{"taxonomy":"product_cat","embeddable":true,"href":"https:\/\/www.sinpeks.com\/rs\/wp-json\/wp\/v2\/product_cat?post=12592"},{"taxonomy":"product_tag","embeddable":true,"href":"https:\/\/www.sinpeks.com\/rs\/wp-json\/wp\/v2\/product_tag?post=12592"}],"curies":[{"name":"wp","href":"https:\/\/api.w.org\/{rel}","templated":true}]}}