{"id":12588,"date":"2024-11-19T18:02:20","date_gmt":"2024-11-19T18:02:20","guid":{"rendered":"https:\/\/www.sinpeks.com\/rs\/p\/hidraulicni-utovarivac-fs-400\/"},"modified":"2026-03-25T09:58:43","modified_gmt":"2026-03-25T09:58:43","slug":"hidraulicni-utovarivac-fs-400","status":"publish","type":"product","link":"https:\/\/www.sinpeks.com\/rs\/p\/hidraulicni-utovarivac-fs-400\/","title":{"rendered":"Hidrauli\u010dni utovariva\u010d FS-400"},"content":{"rendered":"<p>Hidrauli\u010dni utovariva\u010d FS-400 je oru\u0111e za utovar stajskog \u0111ubriva, sena, slame i materijala u rasutom stanju kao \u0161to su: zemlja, pesak, \u0161ljunak, piljevina i sl. Za predvi\u0111enu namenu koriste se izmenjivi nastavci u obliku vila ili oblik korpe. Zglobno spojeni elementi konstrukcije sa povezani sa hidrauli\u010dnim cilindrima kao izvr\u0161nim organima, omogu\u0107avaju funkcionisanje utovariva\u010da. Za traktor se priklju\u010duje preko hidrauli\u010dke pumpe na kardanski izlaz iz traktora. To je oru\u0111e no\u0161enog tipa a priklju\u010duje se na traktore I i II kategorije koji raspola\u017eu sistemom vezivanja u tri ta\u010dke.<\/p>\n<p>&nbsp;<\/p>\n","protected":false},"excerpt":{"rendered":"<p>Hidrauli\u010dni utovariva\u010d FS-400 je oru\u0111e za utovar stajskog \u0111ubriva, sena, slame i materijala u rasutom stanju kao \u0161to su: zemlja, pesak, \u0161ljunak, piljevina i sl. Za predvi\u0111enu namenu koriste se izmenjivi nastavci u obliku vila ili oblik korpe. Zglobno spojeni elementi konstrukcije sa povezani sa hidrauli\u010dnim cilindrima kao izvr\u0161nim organima, omogu\u0107avaju funkcionisanje utovariva\u010da. Za traktor [&hellip;]<\/p>\n","protected":false},"featured_media":15988,"comment_status":"open","ping_status":"closed","template":"","meta":{"_acf_changed":false},"product_cat":[97],"product_tag":[],"class_list":{"0":"post-12588","1":"product","2":"type-product","3":"status-publish","4":"has-post-thumbnail","6":"product_cat-prednji-utovarivaci","7":"product_shipping_class-ostale-kategorije-makedonija","8":"pa_b-fpm-deljanin","9":"pa_market-ba","10":"pa_market-mk","11":"pa_market-rs","12":"pa_max-kapacitet-dizanja-300kg","13":"pa_min-snaga-traktora-34-ks","14":"pa_visina-dizanja-35-m","15":"pa_zapremina-rezervoara-18l","17":"first","18":"outofstock","19":"sale","20":"taxable","21":"shipping-taxable","22":"purchasable","23":"product-type-simple"},"acf":[],"seolaxy_ctr_woo_product_custom_meta_description_content":"","_links":{"self":[{"href":"https:\/\/www.sinpeks.com\/rs\/wp-json\/wp\/v2\/product\/12588","targetHints":{"allow":["GET"]}}],"collection":[{"href":"https:\/\/www.sinpeks.com\/rs\/wp-json\/wp\/v2\/product"}],"about":[{"href":"https:\/\/www.sinpeks.com\/rs\/wp-json\/wp\/v2\/types\/product"}],"replies":[{"embeddable":true,"href":"https:\/\/www.sinpeks.com\/rs\/wp-json\/wp\/v2\/comments?post=12588"}],"wp:featuredmedia":[{"embeddable":true,"href":"https:\/\/www.sinpeks.com\/rs\/wp-json\/wp\/v2\/media\/15988"}],"wp:attachment":[{"href":"https:\/\/www.sinpeks.com\/rs\/wp-json\/wp\/v2\/media?parent=12588"}],"wp:term":[{"taxonomy":"product_cat","embeddable":true,"href":"https:\/\/www.sinpeks.com\/rs\/wp-json\/wp\/v2\/product_cat?post=12588"},{"taxonomy":"product_tag","embeddable":true,"href":"https:\/\/www.sinpeks.com\/rs\/wp-json\/wp\/v2\/product_tag?post=12588"}],"curies":[{"name":"wp","href":"https:\/\/api.w.org\/{rel}","templated":true}]}}